{"id":1181,"date":"2024-09-06T11:25:17","date_gmt":"2024-09-06T11:25:17","guid":{"rendered":"https:\/\/cocinasrio.isauramedia.com\/?page_id=1181"},"modified":"2024-09-30T15:06:53","modified_gmt":"2024-09-30T15:06:53","slug":"cocina-sabana-2","status":"publish","type":"page","link":"https:\/\/cocinasrio.isauramedia.com\/index.php\/cocina-sabana-2\/","title":{"rendered":"Sabana"},"content":{"rendered":"\t\t<div data-elementor-type=\"wp-page\" data-elementor-id=\"1181\" class=\"elementor elementor-1181\" data-elementor-post-type=\"page\">\n\t\t\t\t<div class=\"elementor-element elementor-element-739b99d5 e-con-full e-flex e-con e-parent\" data-id=\"739b99d5\" data-element_type=\"container\" data-settings=\"{&quot;background_background&quot;:&quot;slideshow&quot;,&quot;background_slideshow_gallery&quot;:[{&quot;id&quot;:1184,&quot;url&quot;:&quot;https:\\\/\\\/cocinasrio.isauramedia.com\\\/wp-content\\\/uploads\\\/2024\\\/09\\\/cocina-blanca-negra-moderna.jpg&quot;}],&quot;background_slideshow_loop&quot;:&quot;yes&quot;,&quot;background_slideshow_slide_duration&quot;:5000,&quot;background_slideshow_slide_transition&quot;:&quot;fade&quot;,&quot;background_slideshow_transition_duration&quot;:500}\">\n\t\t\t\t<div class=\"elementor-element elementor-element-2a0fc258 elementor-align-left elementor-widget elementor-widget-breadcrumbs\" data-id=\"2a0fc258\" data-element_type=\"widget\" data-widget_type=\"breadcrumbs.default\">\n\t\t\t\t<div class=\"elementor-widget-container\">\n\t\t\t<link rel=\"stylesheet\" href=\"https:\/\/cocinasrio.isauramedia.com\/wp-content\/plugins\/elementor-pro\/assets\/css\/widget-theme-elements.min.css?ver=1723629945\"><p id=\"breadcrumbs\"><span><span><a href=\"https:\/\/cocinasrio.isauramedia.com\/\">Portada<\/a><\/span><\/span><\/p>\t\t<\/div>\n\t\t\t\t<\/div>\n\t\t\t\t<div class=\"elementor-element elementor-element-2692e4d7 animated-slow elementor-invisible elementor-widget elementor-widget-heading\" data-id=\"2692e4d7\" data-element_type=\"widget\" data-settings=\"{&quot;_animation&quot;:&quot;fadeIn&quot;,&quot;_animation_delay&quot;:100}\" data-widget_type=\"heading.default\">\n\t\t\t\t<div class=\"elementor-widget-container\">\n\t\t\t<style>\/*! elementor - v3.23.0 - 05-08-2024 *\/\n.elementor-heading-title{padding:0;margin:0;line-height:1}.elementor-widget-heading .elementor-heading-title[class*=elementor-size-]>a{color:inherit;font-size:inherit;line-height:inherit}.elementor-widget-heading .elementor-heading-title.elementor-size-small{font-size:15px}.elementor-widget-heading .elementor-heading-title.elementor-size-medium{font-size:19px}.elementor-widget-heading .elementor-heading-title.elementor-size-large{font-size:29px}.elementor-widget-heading .elementor-heading-title.elementor-size-xl{font-size:39px}.elementor-widget-heading .elementor-heading-title.elementor-size-xxl{font-size:59px}<\/style><h1 class=\"elementor-heading-title elementor-size-default\">Sabana<\/h1>\t\t<\/div>\n\t\t\t\t<\/div>\n\t\t\t\t<\/div>\n\t\t<div class=\"elementor-element elementor-element-393c7b94 e-flex e-con-boxed e-con e-parent\" data-id=\"393c7b94\" data-element_type=\"container\">\n\t\t\t\t\t<div class=\"e-con-inner\">\n\t\t\t\t<div class=\"elementor-element elementor-element-4345de09 animated-slow elementor-invisible elementor-widget elementor-widget-text-editor\" data-id=\"4345de09\" data-element_type=\"widget\" data-settings=\"{&quot;_animation&quot;:&quot;fadeInUp&quot;}\" data-widget_type=\"text-editor.default\">\n\t\t\t\t<div class=\"elementor-widget-container\">\n\t\t\t<style>\/*! elementor - v3.23.0 - 05-08-2024 *\/\n.elementor-widget-text-editor.elementor-drop-cap-view-stacked .elementor-drop-cap{background-color:#69727d;color:#fff}.elementor-widget-text-editor.elementor-drop-cap-view-framed .elementor-drop-cap{color:#69727d;border:3px solid;background-color:transparent}.elementor-widget-text-editor:not(.elementor-drop-cap-view-default) .elementor-drop-cap{margin-top:8px}.elementor-widget-text-editor:not(.elementor-drop-cap-view-default) .elementor-drop-cap-letter{width:1em;height:1em}.elementor-widget-text-editor .elementor-drop-cap{float:left;text-align:center;line-height:1;font-size:50px}.elementor-widget-text-editor .elementor-drop-cap-letter{display:inline-block}<\/style>\t\t\t\t<p>La combinaci\u00f3n de tonos neutros y acabados de alta calidad asegura la elegancia y la funcionalidad en nuestro hogar. Una cocina blanca y negra abierta con electrodom\u00e9sticos integrados y soluciones inteligentes de almacenamiento. M\u00f3dulos en puente y encimera porcel\u00e1nica de f\u00e1cil limpieza. Una cocina moderna de dise\u00f1o atemporal y resistente a modas pasajeras, gracias a nuestra colecci\u00f3n RAY.<\/p>\t\t\t\t\t\t<\/div>\n\t\t\t\t<\/div>\n\t\t\t\t\t<\/div>\n\t\t\t\t<\/div>\n\t\t<div class=\"elementor-element elementor-element-55ea6011 e-flex e-con-boxed e-con e-parent\" data-id=\"55ea6011\" data-element_type=\"container\" data-settings=\"{&quot;background_background&quot;:&quot;classic&quot;}\">\n\t\t\t\t\t<div class=\"e-con-inner\">\n\t\t\t\t\t<\/div>\n\t\t\t\t<\/div>\n\t\t<div class=\"elementor-element elementor-element-5100da8b e-flex e-con-boxed e-con e-parent\" data-id=\"5100da8b\" data-element_type=\"container\" data-settings=\"{&quot;background_background&quot;:&quot;classic&quot;}\">\n\t\t\t\t\t<div class=\"e-con-inner\">\n\t\t\t\t\t<\/div>\n\t\t\t\t<\/div>\n\t\t<div class=\"elementor-element elementor-element-45d403dc elementor-hidden-tablet elementor-hidden-mobile e-flex e-con-boxed e-con e-parent\" data-id=\"45d403dc\" data-element_type=\"container\">\n\t\t\t\t\t<div class=\"e-con-inner\">\n\t\t<div class=\"elementor-element elementor-element-3aa3641c e-con-full e-flex e-con e-child\" data-id=\"3aa3641c\" data-element_type=\"container\" data-settings=\"{&quot;background_background&quot;:&quot;slideshow&quot;,&quot;background_slideshow_gallery&quot;:[{&quot;id&quot;:128,&quot;url&quot;:&quot;https:\\\/\\\/cocinasrio.isauramedia.com\\\/wp-content\\\/uploads\\\/2024\\\/08\\\/Cumbre-no-publicable.png&quot;}],&quot;background_slideshow_loop&quot;:&quot;yes&quot;,&quot;background_slideshow_slide_duration&quot;:5000,&quot;background_slideshow_slide_transition&quot;:&quot;fade&quot;,&quot;background_slideshow_transition_duration&quot;:500}\">\n\t\t\t\t<\/div>\n\t\t<div class=\"elementor-element elementor-element-5106f10b e-con-full e-flex e-con e-child\" data-id=\"5106f10b\" data-element_type=\"container\" data-settings=\"{&quot;background_background&quot;:&quot;slideshow&quot;,&quot;background_slideshow_gallery&quot;:[{&quot;id&quot;:126,&quot;url&quot;:&quot;https:\\\/\\\/cocinasrio.isauramedia.com\\\/wp-content\\\/uploads\\\/2024\\\/08\\\/Albox-P-no-publicable-CARA-VISIBLE.png&quot;}],&quot;background_slideshow_loop&quot;:&quot;yes&quot;,&quot;background_slideshow_slide_duration&quot;:5000,&quot;background_slideshow_slide_transition&quot;:&quot;fade&quot;,&quot;background_slideshow_transition_duration&quot;:500}\">\n\t\t\t\t<\/div>\n\t\t\t\t\t<\/div>\n\t\t\t\t<\/div>\n\t\t<div class=\"elementor-element elementor-element-74bf045d elementor-hidden-desktop e-flex e-con-boxed e-con e-parent\" data-id=\"74bf045d\" data-element_type=\"container\">\n\t\t\t\t\t<div class=\"e-con-inner\">\n\t\t<div class=\"elementor-element elementor-element-62d7dddc e-con-full e-flex e-con e-child\" data-id=\"62d7dddc\" data-element_type=\"container\" data-settings=\"{&quot;background_background&quot;:&quot;slideshow&quot;,&quot;background_slideshow_gallery&quot;:[{&quot;id&quot;:126,&quot;url&quot;:&quot;https:\\\/\\\/cocinasrio.isauramedia.com\\\/wp-content\\\/uploads\\\/2024\\\/08\\\/Albox-P-no-publicable-CARA-VISIBLE.png&quot;}],&quot;background_slideshow_loop&quot;:&quot;yes&quot;,&quot;background_slideshow_slide_duration&quot;:5000,&quot;background_slideshow_slide_transition&quot;:&quot;fade&quot;,&quot;background_slideshow_transition_duration&quot;:500}\">\n\t\t\t\t<\/div>\n\t\t<div class=\"elementor-element elementor-element-7f7b555a e-con-full e-flex e-con e-child\" data-id=\"7f7b555a\" data-element_type=\"container\" data-settings=\"{&quot;background_background&quot;:&quot;slideshow&quot;,&quot;background_slideshow_gallery&quot;:[{&quot;id&quot;:126,&quot;url&quot;:&quot;https:\\\/\\\/cocinasrio.isauramedia.com\\\/wp-content\\\/uploads\\\/2024\\\/08\\\/Albox-P-no-publicable-CARA-VISIBLE.png&quot;}],&quot;background_slideshow_loop&quot;:&quot;yes&quot;,&quot;background_slideshow_slide_duration&quot;:5000,&quot;background_slideshow_slide_transition&quot;:&quot;fade&quot;,&quot;background_slideshow_transition_duration&quot;:500}\">\n\t\t\t\t<\/div>\n\t\t\t\t\t<\/div>\n\t\t\t\t<\/div>\n\t\t<div class=\"elementor-element elementor-element-414ce922 e-flex e-con-boxed e-con e-parent\" data-id=\"414ce922\" data-element_type=\"container\" data-settings=\"{&quot;background_background&quot;:&quot;classic&quot;}\">\n\t\t\t\t\t<div class=\"e-con-inner\">\n\t\t\t\t\t<\/div>\n\t\t\t\t<\/div>\n\t\t<div class=\"elementor-element elementor-element-26b34261 elementor-hidden-desktop e-flex e-con-boxed e-con e-parent\" data-id=\"26b34261\" data-element_type=\"container\">\n\t\t\t\t\t<div class=\"e-con-inner\">\n\t\t<div class=\"elementor-element elementor-element-76e34ee6 e-con-full e-flex e-con e-child\" data-id=\"76e34ee6\" data-element_type=\"container\" data-settings=\"{&quot;background_background&quot;:&quot;slideshow&quot;,&quot;background_slideshow_gallery&quot;:[{&quot;id&quot;:126,&quot;url&quot;:&quot;https:\\\/\\\/cocinasrio.isauramedia.com\\\/wp-content\\\/uploads\\\/2024\\\/08\\\/Albox-P-no-publicable-CARA-VISIBLE.png&quot;}],&quot;background_slideshow_loop&quot;:&quot;yes&quot;,&quot;background_slideshow_slide_duration&quot;:5000,&quot;background_slideshow_slide_transition&quot;:&quot;fade&quot;,&quot;background_slideshow_transition_duration&quot;:500}\">\n\t\t\t\t<\/div>\n\t\t<div class=\"elementor-element elementor-element-73fc00f7 e-con-full e-flex e-con e-child\" data-id=\"73fc00f7\" data-element_type=\"container\" data-settings=\"{&quot;background_background&quot;:&quot;slideshow&quot;,&quot;background_slideshow_gallery&quot;:[{&quot;id&quot;:126,&quot;url&quot;:&quot;https:\\\/\\\/cocinasrio.isauramedia.com\\\/wp-content\\\/uploads\\\/2024\\\/08\\\/Albox-P-no-publicable-CARA-VISIBLE.png&quot;}],&quot;background_slideshow_loop&quot;:&quot;yes&quot;,&quot;background_slideshow_slide_duration&quot;:5000,&quot;background_slideshow_slide_transition&quot;:&quot;fade&quot;,&quot;background_slideshow_transition_duration&quot;:500}\">\n\t\t\t\t<\/div>\n\t\t\t\t\t<\/div>\n\t\t\t\t<\/div>\n\t\t<div class=\"elementor-element elementor-element-62c353d8 elementor-hidden-tablet elementor-hidden-mobile e-flex e-con-boxed e-con e-parent\" data-id=\"62c353d8\" data-element_type=\"container\">\n\t\t\t\t\t<div class=\"e-con-inner\">\n\t\t<div class=\"elementor-element elementor-element-6e36e93c e-con-full e-flex e-con e-child\" data-id=\"6e36e93c\" data-element_type=\"container\" data-settings=\"{&quot;background_background&quot;:&quot;slideshow&quot;,&quot;background_slideshow_gallery&quot;:[{&quot;id&quot;:128,&quot;url&quot;:&quot;https:\\\/\\\/cocinasrio.isauramedia.com\\\/wp-content\\\/uploads\\\/2024\\\/08\\\/Cumbre-no-publicable.png&quot;}],&quot;background_slideshow_loop&quot;:&quot;yes&quot;,&quot;background_slideshow_slide_duration&quot;:5000,&quot;background_slideshow_slide_transition&quot;:&quot;fade&quot;,&quot;background_slideshow_transition_duration&quot;:500}\">\n\t\t\t\t<\/div>\n\t\t<div class=\"elementor-element elementor-element-7037856 e-con-full e-flex e-con e-child\" data-id=\"7037856\" data-element_type=\"container\" data-settings=\"{&quot;background_background&quot;:&quot;slideshow&quot;,&quot;background_slideshow_gallery&quot;:[{&quot;id&quot;:126,&quot;url&quot;:&quot;https:\\\/\\\/cocinasrio.isauramedia.com\\\/wp-content\\\/uploads\\\/2024\\\/08\\\/Albox-P-no-publicable-CARA-VISIBLE.png&quot;}],&quot;background_slideshow_loop&quot;:&quot;yes&quot;,&quot;background_slideshow_slide_duration&quot;:5000,&quot;background_slideshow_slide_transition&quot;:&quot;fade&quot;,&quot;background_slideshow_transition_duration&quot;:500}\">\n\t\t\t\t<\/div>\n\t\t\t\t\t<\/div>\n\t\t\t\t<\/div>\n\t\t<div class=\"elementor-element elementor-element-b8beb31 e-flex e-con-boxed e-con e-parent\" data-id=\"b8beb31\" data-element_type=\"container\" data-settings=\"{&quot;background_background&quot;:&quot;classic&quot;}\">\n\t\t\t\t\t<div class=\"e-con-inner\">\n\t\t\t\t\t<\/div>\n\t\t\t\t<\/div>\n\t\t<div class=\"elementor-element elementor-element-3ba82989 e-flex e-con-boxed e-con e-parent\" data-id=\"3ba82989\" data-element_type=\"container\">\n\t\t\t\t\t<div class=\"e-con-inner\">\n\t\t\t\t<div class=\"elementor-element elementor-element-51ab0fc4 elementor-widget elementor-widget-spacer\" data-id=\"51ab0fc4\" data-element_type=\"widget\" data-widget_type=\"spacer.default\">\n\t\t\t\t<div class=\"elementor-widget-container\">\n\t\t\t<style>\/*! elementor - v3.23.0 - 05-08-2024 *\/\n.elementor-column .elementor-spacer-inner{height:var(--spacer-size)}.e-con{--container-widget-width:100%}.e-con-inner>.elementor-widget-spacer,.e-con>.elementor-widget-spacer{width:var(--container-widget-width,var(--spacer-size));--align-self:var(--container-widget-align-self,initial);--flex-shrink:0}.e-con-inner>.elementor-widget-spacer>.elementor-widget-container,.e-con>.elementor-widget-spacer>.elementor-widget-container{height:100%;width:100%}.e-con-inner>.elementor-widget-spacer>.elementor-widget-container>.elementor-spacer,.e-con>.elementor-widget-spacer>.elementor-widget-container>.elementor-spacer{height:100%}.e-con-inner>.elementor-widget-spacer>.elementor-widget-container>.elementor-spacer>.elementor-spacer-inner,.e-con>.elementor-widget-spacer>.elementor-widget-container>.elementor-spacer>.elementor-spacer-inner{height:var(--container-widget-height,var(--spacer-size))}.e-con-inner>.elementor-widget-spacer.elementor-widget-empty,.e-con>.elementor-widget-spacer.elementor-widget-empty{position:relative;min-height:22px;min-width:22px}.e-con-inner>.elementor-widget-spacer.elementor-widget-empty .elementor-widget-empty-icon,.e-con>.elementor-widget-spacer.elementor-widget-empty .elementor-widget-empty-icon{position:absolute;top:0;bottom:0;left:0;right:0;margin:auto;padding:0;width:22px;height:22px}<\/style>\t\t<div class=\"elementor-spacer\">\n\t\t\t<div class=\"elementor-spacer-inner\"><\/div>\n\t\t<\/div>\n\t\t\t\t<\/div>\n\t\t\t\t<\/div>\n\t\t\t\t\t<\/div>\n\t\t\t\t<\/div>\n\t\t<div class=\"elementor-element elementor-element-192eb3d0 e-con-full e-flex e-con e-parent\" data-id=\"192eb3d0\" data-element_type=\"container\" data-settings=\"{&quot;background_background&quot;:&quot;gradient&quot;}\">\n\t\t<div class=\"elementor-element elementor-element-5e5d2167 e-con-full e-flex e-con e-child\" data-id=\"5e5d2167\" data-element_type=\"container\">\n\t\t\t\t<div class=\"elementor-element elementor-element-738db773 animated-slow elementor-invisible elementor-widget elementor-widget-heading\" data-id=\"738db773\" data-element_type=\"widget\" data-settings=\"{&quot;_animation&quot;:&quot;fadeIn&quot;,&quot;_animation_delay&quot;:100}\" data-widget_type=\"heading.default\">\n\t\t\t\t<div class=\"elementor-widget-container\">\n\t\t\t<h2 class=\"elementor-heading-title elementor-size-default\">Reserva tu cita previa<\/h2>\t\t<\/div>\n\t\t\t\t<\/div>\n\t\t\t\t<\/div>\n\t\t<div class=\"elementor-element elementor-element-52666789 e-con-full e-flex e-con e-child\" data-id=\"52666789\" data-element_type=\"container\">\n\t\t\t\t<div class=\"elementor-element elementor-element-3a051dd9 elementor-align-right elementor-widget elementor-widget-button\" data-id=\"3a051dd9\" data-element_type=\"widget\" data-widget_type=\"button.default\">\n\t\t\t\t<div class=\"elementor-widget-container\">\n\t\t\t\t\t<div class=\"elementor-button-wrapper\">\n\t\t\t<a class=\"elementor-button elementor-button-link elementor-size-md\" href=\"https:\/\/book.timify.com\/services?accountId=65eee810be788c3da8a70766&#038;fullscreen=1&#038;hideCloseButton=1&#038;showGuestBookingForm=1&#038;locale=es-es\">\n\t\t\t\t\t\t<span class=\"elementor-button-content-wrapper\">\n\t\t\t\t\t\t\t\t\t<span class=\"elementor-button-text\">Showroom Getafe<\/span>\n\t\t\t\t\t<\/span>\n\t\t\t\t\t<\/a>\n\t\t<\/div>\n\t\t\t\t<\/div>\n\t\t\t\t<\/div>\n\t\t\t\t<\/div>\n\t\t<div class=\"elementor-element elementor-element-4bcc3e22 e-con-full e-flex e-con e-child\" data-id=\"4bcc3e22\" data-element_type=\"container\">\n\t\t\t\t<div class=\"elementor-element elementor-element-3191e4ea elementor-align-right elementor-widget elementor-widget-button\" data-id=\"3191e4ea\" data-element_type=\"widget\" data-widget_type=\"button.default\">\n\t\t\t\t<div class=\"elementor-widget-container\">\n\t\t\t\t\t<div class=\"elementor-button-wrapper\">\n\t\t\t<a class=\"elementor-button elementor-button-link elementor-size-md\" href=\"https:\/\/book.timify.com\/?accountId=660faa17eee6514dadeeabbf&#038;fullscreen=1&#038;hideCloseButton=1&#038;showGuestBookingForm=1&#038;locale=es-es\">\n\t\t\t\t\t\t<span class=\"elementor-button-content-wrapper\">\n\t\t\t\t\t\t\t\t\t<span class=\"elementor-button-text\">Showroom Madrid<\/span>\n\t\t\t\t\t<\/span>\n\t\t\t\t\t<\/a>\n\t\t<\/div>\n\t\t\t\t<\/div>\n\t\t\t\t<\/div>\n\t\t\t\t<\/div>\n\t\t\t\t<\/div>\n\t\t\t\t<\/div>\n\t\t","protected":false},"excerpt":{"rendered":"<p>Sabana La combinaci\u00f3n de tonos neutros y acabados de alta calidad asegura la elegancia y la funcionalidad en nuestro hogar. Una cocina blanca y negra abierta con electrodom\u00e9sticos integrados y soluciones inteligentes de almacenamiento. M\u00f3dulos en puente y encimera porcel\u00e1nica de f\u00e1cil limpieza. Una cocina moderna de dise\u00f1o atemporal y resistente a modas pasajeras, gracias [&hellip;]<\/p>\n","protected":false},"author":1,"featured_media":1184,"parent":0,"menu_order":0,"comment_status":"closed","ping_status":"closed","template":"","meta":{"footnotes":""},"categories":[19],"class_list":["post-1181","page","type-page","status-publish","has-post-thumbnail","hentry","category-proyectos-cocinas"],"yoast_head":"<!-- This site is optimized with the Yoast SEO plugin v23.3 - https:\/\/yoast.com\/wordpress\/plugins\/seo\/ -->\n<title>Sabana - Cocinas R\u00edo<\/title>\n<meta name=\"description\" content=\"cocina SABANA\" \/>\n<meta name=\"robots\" content=\"index, follow, max-snippet:-1, max-image-preview:large, max-video-preview:-1\" \/>\n<link rel=\"canonical\" href=\"https:\/\/cocinasrio.isauramedia.com\/index.php\/cocina-sabana-2\/\" \/>\n<meta property=\"og:locale\" content=\"es_ES\" \/>\n<meta property=\"og:type\" content=\"article\" \/>\n<meta property=\"og:title\" content=\"Sabana - Cocinas R\u00edo\" \/>\n<meta property=\"og:description\" content=\"cocina SABANA\" \/>\n<meta property=\"og:url\" content=\"https:\/\/cocinasrio.isauramedia.com\/index.php\/cocina-sabana-2\/\" \/>\n<meta property=\"og:site_name\" content=\"Cocinas R\u00edo\" \/>\n<meta property=\"article:modified_time\" content=\"2024-09-30T15:06:53+00:00\" \/>\n<meta property=\"og:image\" content=\"https:\/\/cocinasrio.isauramedia.com\/wp-content\/uploads\/2024\/09\/cocina-blanca-negra-moderna.jpg\" \/>\n\t<meta property=\"og:image:width\" content=\"1920\" \/>\n\t<meta property=\"og:image:height\" content=\"1280\" \/>\n\t<meta property=\"og:image:type\" content=\"image\/jpeg\" \/>\n<meta name=\"twitter:card\" content=\"summary_large_image\" \/>\n<meta name=\"twitter:label1\" content=\"Tiempo de lectura\" \/>\n\t<meta name=\"twitter:data1\" content=\"1 minuto\" \/>\n<script type=\"application\/ld+json\" class=\"yoast-schema-graph\">{\"@context\":\"https:\/\/schema.org\",\"@graph\":[{\"@type\":\"WebPage\",\"@id\":\"https:\/\/cocinasrio.isauramedia.com\/index.php\/cocina-sabana-2\/\",\"url\":\"https:\/\/cocinasrio.isauramedia.com\/index.php\/cocina-sabana-2\/\",\"name\":\"Sabana - Cocinas R\u00edo\",\"isPartOf\":{\"@id\":\"https:\/\/cocinasrio.isauramedia.com\/#website\"},\"primaryImageOfPage\":{\"@id\":\"https:\/\/cocinasrio.isauramedia.com\/index.php\/cocina-sabana-2\/#primaryimage\"},\"image\":{\"@id\":\"https:\/\/cocinasrio.isauramedia.com\/index.php\/cocina-sabana-2\/#primaryimage\"},\"thumbnailUrl\":\"https:\/\/cocinasrio.isauramedia.com\/wp-content\/uploads\/2024\/09\/cocina-blanca-negra-moderna.jpg\",\"datePublished\":\"2024-09-06T11:25:17+00:00\",\"dateModified\":\"2024-09-30T15:06:53+00:00\",\"description\":\"cocina SABANA\",\"breadcrumb\":{\"@id\":\"https:\/\/cocinasrio.isauramedia.com\/index.php\/cocina-sabana-2\/#breadcrumb\"},\"inLanguage\":\"es\",\"potentialAction\":[{\"@type\":\"ReadAction\",\"target\":[\"https:\/\/cocinasrio.isauramedia.com\/index.php\/cocina-sabana-2\/\"]}]},{\"@type\":\"ImageObject\",\"inLanguage\":\"es\",\"@id\":\"https:\/\/cocinasrio.isauramedia.com\/index.php\/cocina-sabana-2\/#primaryimage\",\"url\":\"https:\/\/cocinasrio.isauramedia.com\/wp-content\/uploads\/2024\/09\/cocina-blanca-negra-moderna.jpg\",\"contentUrl\":\"https:\/\/cocinasrio.isauramedia.com\/wp-content\/uploads\/2024\/09\/cocina-blanca-negra-moderna.jpg\",\"width\":1920,\"height\":1280},{\"@type\":\"BreadcrumbList\",\"@id\":\"https:\/\/cocinasrio.isauramedia.com\/index.php\/cocina-sabana-2\/#breadcrumb\",\"itemListElement\":[{\"@type\":\"ListItem\",\"position\":1,\"name\":\"Portada\",\"item\":\"https:\/\/cocinasrio.isauramedia.com\/\"},{\"@type\":\"ListItem\",\"position\":2,\"name\":\"Sabana\"}]},{\"@type\":\"WebSite\",\"@id\":\"https:\/\/cocinasrio.isauramedia.com\/#website\",\"url\":\"https:\/\/cocinasrio.isauramedia.com\/\",\"name\":\"Cocinas R\u00edo\",\"description\":\"\",\"publisher\":{\"@id\":\"https:\/\/cocinasrio.isauramedia.com\/#organization\"},\"potentialAction\":[{\"@type\":\"SearchAction\",\"target\":{\"@type\":\"EntryPoint\",\"urlTemplate\":\"https:\/\/cocinasrio.isauramedia.com\/?s={search_term_string}\"},\"query-input\":\"required name=search_term_string\"}],\"inLanguage\":\"es\"},{\"@type\":\"Organization\",\"@id\":\"https:\/\/cocinasrio.isauramedia.com\/#organization\",\"name\":\"Cocinas R\u00edo\",\"url\":\"https:\/\/cocinasrio.isauramedia.com\/\",\"logo\":{\"@type\":\"ImageObject\",\"inLanguage\":\"es\",\"@id\":\"https:\/\/cocinasrio.isauramedia.com\/#\/schema\/logo\/image\/\",\"url\":\"https:\/\/cocinasrio.isauramedia.com\/wp-content\/uploads\/2024\/08\/logo-cocinas-rio-blanco.png\",\"contentUrl\":\"https:\/\/cocinasrio.isauramedia.com\/wp-content\/uploads\/2024\/08\/logo-cocinas-rio-blanco.png\",\"width\":933,\"height\":488,\"caption\":\"Cocinas R\u00edo\"},\"image\":{\"@id\":\"https:\/\/cocinasrio.isauramedia.com\/#\/schema\/logo\/image\/\"}}]}<\/script>\n<!-- \/ Yoast SEO plugin. -->","yoast_head_json":{"title":"Sabana - Cocinas R\u00edo","description":"cocina SABANA","robots":{"index":"index","follow":"follow","max-snippet":"max-snippet:-1","max-image-preview":"max-image-preview:large","max-video-preview":"max-video-preview:-1"},"canonical":"https:\/\/cocinasrio.isauramedia.com\/index.php\/cocina-sabana-2\/","og_locale":"es_ES","og_type":"article","og_title":"Sabana - Cocinas R\u00edo","og_description":"cocina SABANA","og_url":"https:\/\/cocinasrio.isauramedia.com\/index.php\/cocina-sabana-2\/","og_site_name":"Cocinas R\u00edo","article_modified_time":"2024-09-30T15:06:53+00:00","og_image":[{"width":1920,"height":1280,"url":"https:\/\/cocinasrio.isauramedia.com\/wp-content\/uploads\/2024\/09\/cocina-blanca-negra-moderna.jpg","type":"image\/jpeg"}],"twitter_card":"summary_large_image","twitter_misc":{"Tiempo de lectura":"1 minuto"},"schema":{"@context":"https:\/\/schema.org","@graph":[{"@type":"WebPage","@id":"https:\/\/cocinasrio.isauramedia.com\/index.php\/cocina-sabana-2\/","url":"https:\/\/cocinasrio.isauramedia.com\/index.php\/cocina-sabana-2\/","name":"Sabana - Cocinas R\u00edo","isPartOf":{"@id":"https:\/\/cocinasrio.isauramedia.com\/#website"},"primaryImageOfPage":{"@id":"https:\/\/cocinasrio.isauramedia.com\/index.php\/cocina-sabana-2\/#primaryimage"},"image":{"@id":"https:\/\/cocinasrio.isauramedia.com\/index.php\/cocina-sabana-2\/#primaryimage"},"thumbnailUrl":"https:\/\/cocinasrio.isauramedia.com\/wp-content\/uploads\/2024\/09\/cocina-blanca-negra-moderna.jpg","datePublished":"2024-09-06T11:25:17+00:00","dateModified":"2024-09-30T15:06:53+00:00","description":"cocina SABANA","breadcrumb":{"@id":"https:\/\/cocinasrio.isauramedia.com\/index.php\/cocina-sabana-2\/#breadcrumb"},"inLanguage":"es","potentialAction":[{"@type":"ReadAction","target":["https:\/\/cocinasrio.isauramedia.com\/index.php\/cocina-sabana-2\/"]}]},{"@type":"ImageObject","inLanguage":"es","@id":"https:\/\/cocinasrio.isauramedia.com\/index.php\/cocina-sabana-2\/#primaryimage","url":"https:\/\/cocinasrio.isauramedia.com\/wp-content\/uploads\/2024\/09\/cocina-blanca-negra-moderna.jpg","contentUrl":"https:\/\/cocinasrio.isauramedia.com\/wp-content\/uploads\/2024\/09\/cocina-blanca-negra-moderna.jpg","width":1920,"height":1280},{"@type":"BreadcrumbList","@id":"https:\/\/cocinasrio.isauramedia.com\/index.php\/cocina-sabana-2\/#breadcrumb","itemListElement":[{"@type":"ListItem","position":1,"name":"Portada","item":"https:\/\/cocinasrio.isauramedia.com\/"},{"@type":"ListItem","position":2,"name":"Sabana"}]},{"@type":"WebSite","@id":"https:\/\/cocinasrio.isauramedia.com\/#website","url":"https:\/\/cocinasrio.isauramedia.com\/","name":"Cocinas R\u00edo","description":"","publisher":{"@id":"https:\/\/cocinasrio.isauramedia.com\/#organization"},"potentialAction":[{"@type":"SearchAction","target":{"@type":"EntryPoint","urlTemplate":"https:\/\/cocinasrio.isauramedia.com\/?s={search_term_string}"},"query-input":"required name=search_term_string"}],"inLanguage":"es"},{"@type":"Organization","@id":"https:\/\/cocinasrio.isauramedia.com\/#organization","name":"Cocinas R\u00edo","url":"https:\/\/cocinasrio.isauramedia.com\/","logo":{"@type":"ImageObject","inLanguage":"es","@id":"https:\/\/cocinasrio.isauramedia.com\/#\/schema\/logo\/image\/","url":"https:\/\/cocinasrio.isauramedia.com\/wp-content\/uploads\/2024\/08\/logo-cocinas-rio-blanco.png","contentUrl":"https:\/\/cocinasrio.isauramedia.com\/wp-content\/uploads\/2024\/08\/logo-cocinas-rio-blanco.png","width":933,"height":488,"caption":"Cocinas R\u00edo"},"image":{"@id":"https:\/\/cocinasrio.isauramedia.com\/#\/schema\/logo\/image\/"}}]}},"_links":{"self":[{"href":"https:\/\/cocinasrio.isauramedia.com\/index.php\/wp-json\/wp\/v2\/pages\/1181","targetHints":{"allow":["GET"]}}],"collection":[{"href":"https:\/\/cocinasrio.isauramedia.com\/index.php\/wp-json\/wp\/v2\/pages"}],"about":[{"href":"https:\/\/cocinasrio.isauramedia.com\/index.php\/wp-json\/wp\/v2\/types\/page"}],"author":[{"embeddable":true,"href":"https:\/\/cocinasrio.isauramedia.com\/index.php\/wp-json\/wp\/v2\/users\/1"}],"replies":[{"embeddable":true,"href":"https:\/\/cocinasrio.isauramedia.com\/index.php\/wp-json\/wp\/v2\/comments?post=1181"}],"version-history":[{"count":9,"href":"https:\/\/cocinasrio.isauramedia.com\/index.php\/wp-json\/wp\/v2\/pages\/1181\/revisions"}],"predecessor-version":[{"id":1628,"href":"https:\/\/cocinasrio.isauramedia.com\/index.php\/wp-json\/wp\/v2\/pages\/1181\/revisions\/1628"}],"wp:featuredmedia":[{"embeddable":true,"href":"https:\/\/cocinasrio.isauramedia.com\/index.php\/wp-json\/wp\/v2\/media\/1184"}],"wp:attachment":[{"href":"https:\/\/cocinasrio.isauramedia.com\/index.php\/wp-json\/wp\/v2\/media?parent=1181"}],"wp:term":[{"taxonomy":"category","embeddable":true,"href":"https:\/\/cocinasrio.isauramedia.com\/index.php\/wp-json\/wp\/v2\/categories?post=1181"}],"curies":[{"name":"wp","href":"https:\/\/api.w.org\/{rel}","templated":true}]}}