{"id":1222,"date":"2024-09-06T12:00:34","date_gmt":"2024-09-06T12:00:34","guid":{"rendered":"https:\/\/cocinasrio.isauramedia.com\/?page_id=1222"},"modified":"2024-09-30T15:14:28","modified_gmt":"2024-09-30T15:14:28","slug":"cocina-fenix-ntm","status":"publish","type":"page","link":"https:\/\/cocinasrio.isauramedia.com\/index.php\/cocina-fenix-ntm\/","title":{"rendered":"Fenix NTM"},"content":{"rendered":"\t\t<div data-elementor-type=\"wp-page\" data-elementor-id=\"1222\" class=\"elementor elementor-1222\" data-elementor-post-type=\"page\">\n\t\t\t\t<div class=\"elementor-element elementor-element-32251ad0 e-con-full e-flex e-con e-parent\" data-id=\"32251ad0\" data-element_type=\"container\" data-settings=\"{&quot;background_background&quot;:&quot;slideshow&quot;,&quot;background_slideshow_gallery&quot;:[{&quot;id&quot;:1225,&quot;url&quot;:&quot;https:\\\/\\\/cocinasrio.isauramedia.com\\\/wp-content\\\/uploads\\\/2024\\\/09\\\/cocina-verde-de-diseno.jpg&quot;}],&quot;background_slideshow_loop&quot;:&quot;yes&quot;,&quot;background_slideshow_slide_duration&quot;:5000,&quot;background_slideshow_slide_transition&quot;:&quot;fade&quot;,&quot;background_slideshow_transition_duration&quot;:500}\">\n\t\t\t\t<div class=\"elementor-element elementor-element-406efbd4 elementor-align-left elementor-widget elementor-widget-breadcrumbs\" data-id=\"406efbd4\" data-element_type=\"widget\" data-widget_type=\"breadcrumbs.default\">\n\t\t\t\t<div class=\"elementor-widget-container\">\n\t\t\t<link rel=\"stylesheet\" href=\"https:\/\/cocinasrio.isauramedia.com\/wp-content\/plugins\/elementor-pro\/assets\/css\/widget-theme-elements.min.css?ver=1723629945\"><p id=\"breadcrumbs\"><span><span><a href=\"https:\/\/cocinasrio.isauramedia.com\/\">Portada<\/a><\/span><\/span><\/p>\t\t<\/div>\n\t\t\t\t<\/div>\n\t\t\t\t<div class=\"elementor-element elementor-element-3ecfe89e animated-slow elementor-invisible elementor-widget elementor-widget-heading\" data-id=\"3ecfe89e\" data-element_type=\"widget\" data-settings=\"{&quot;_animation&quot;:&quot;fadeIn&quot;,&quot;_animation_delay&quot;:100}\" data-widget_type=\"heading.default\">\n\t\t\t\t<div class=\"elementor-widget-container\">\n\t\t\t<style>\/*! elementor - v3.23.0 - 05-08-2024 *\/\n.elementor-heading-title{padding:0;margin:0;line-height:1}.elementor-widget-heading .elementor-heading-title[class*=elementor-size-]>a{color:inherit;font-size:inherit;line-height:inherit}.elementor-widget-heading .elementor-heading-title.elementor-size-small{font-size:15px}.elementor-widget-heading .elementor-heading-title.elementor-size-medium{font-size:19px}.elementor-widget-heading .elementor-heading-title.elementor-size-large{font-size:29px}.elementor-widget-heading .elementor-heading-title.elementor-size-xl{font-size:39px}.elementor-widget-heading .elementor-heading-title.elementor-size-xxl{font-size:59px}<\/style><h1 class=\"elementor-heading-title elementor-size-default\">Fenix NTM<\/h1>\t\t<\/div>\n\t\t\t\t<\/div>\n\t\t\t\t<\/div>\n\t\t<div class=\"elementor-element elementor-element-58968149 e-flex e-con-boxed e-con e-parent\" data-id=\"58968149\" data-element_type=\"container\">\n\t\t\t\t\t<div class=\"e-con-inner\">\n\t\t\t\t<div class=\"elementor-element elementor-element-4337038a animated-slow elementor-invisible elementor-widget elementor-widget-text-editor\" data-id=\"4337038a\" data-element_type=\"widget\" data-settings=\"{&quot;_animation&quot;:&quot;fadeInUp&quot;}\" data-widget_type=\"text-editor.default\">\n\t\t\t\t<div class=\"elementor-widget-container\">\n\t\t\t<style>\/*! elementor - v3.23.0 - 05-08-2024 *\/\n.elementor-widget-text-editor.elementor-drop-cap-view-stacked .elementor-drop-cap{background-color:#69727d;color:#fff}.elementor-widget-text-editor.elementor-drop-cap-view-framed .elementor-drop-cap{color:#69727d;border:3px solid;background-color:transparent}.elementor-widget-text-editor:not(.elementor-drop-cap-view-default) .elementor-drop-cap{margin-top:8px}.elementor-widget-text-editor:not(.elementor-drop-cap-view-default) .elementor-drop-cap-letter{width:1em;height:1em}.elementor-widget-text-editor .elementor-drop-cap{float:left;text-align:center;line-height:1;font-size:50px}.elementor-widget-text-editor .elementor-drop-cap-letter{display:inline-block}<\/style>\t\t\t\t<p>Esta cocina en verde combina un tono de presencia impactante con otros acabados igualmente actuales como el negro y el roble. Una cocina de dise\u00f1o que mezcla elegancia y funcionalidad. Su vinoteca integrada, la encimera porcel\u00e1nica Neolith o el laminado antihuellas de f\u00e1cil limpieza son s\u00f3lo alguno de los puntos diferenciales de esta cocina moderna y pr\u00e1ctica. Descubre algunas de estas piezas en nuestra colecci\u00f3n RAY.<\/p>\t\t\t\t\t\t<\/div>\n\t\t\t\t<\/div>\n\t\t\t\t\t<\/div>\n\t\t\t\t<\/div>\n\t\t<div class=\"elementor-element elementor-element-c39a1f2 e-flex e-con-boxed e-con e-parent\" data-id=\"c39a1f2\" data-element_type=\"container\" data-settings=\"{&quot;background_background&quot;:&quot;classic&quot;}\">\n\t\t\t\t\t<div class=\"e-con-inner\">\n\t\t\t\t\t<\/div>\n\t\t\t\t<\/div>\n\t\t<div class=\"elementor-element elementor-element-c7ef897 e-flex e-con-boxed e-con e-parent\" data-id=\"c7ef897\" data-element_type=\"container\" data-settings=\"{&quot;background_background&quot;:&quot;classic&quot;}\">\n\t\t\t\t\t<div class=\"e-con-inner\">\n\t\t\t\t\t<\/div>\n\t\t\t\t<\/div>\n\t\t<div class=\"elementor-element elementor-element-7fcbccd8 elementor-hidden-tablet elementor-hidden-mobile e-flex e-con-boxed e-con e-parent\" data-id=\"7fcbccd8\" data-element_type=\"container\">\n\t\t\t\t\t<div class=\"e-con-inner\">\n\t\t<div class=\"elementor-element elementor-element-400c9b83 e-con-full e-flex e-con e-child\" data-id=\"400c9b83\" data-element_type=\"container\" data-settings=\"{&quot;background_background&quot;:&quot;slideshow&quot;,&quot;background_slideshow_gallery&quot;:[{&quot;id&quot;:128,&quot;url&quot;:&quot;https:\\\/\\\/cocinasrio.isauramedia.com\\\/wp-content\\\/uploads\\\/2024\\\/08\\\/Cumbre-no-publicable.png&quot;}],&quot;background_slideshow_loop&quot;:&quot;yes&quot;,&quot;background_slideshow_slide_duration&quot;:5000,&quot;background_slideshow_slide_transition&quot;:&quot;fade&quot;,&quot;background_slideshow_transition_duration&quot;:500}\">\n\t\t\t\t<\/div>\n\t\t<div class=\"elementor-element elementor-element-35ce93b7 e-con-full e-flex e-con e-child\" data-id=\"35ce93b7\" data-element_type=\"container\" data-settings=\"{&quot;background_background&quot;:&quot;slideshow&quot;,&quot;background_slideshow_gallery&quot;:[{&quot;id&quot;:126,&quot;url&quot;:&quot;https:\\\/\\\/cocinasrio.isauramedia.com\\\/wp-content\\\/uploads\\\/2024\\\/08\\\/Albox-P-no-publicable-CARA-VISIBLE.png&quot;}],&quot;background_slideshow_loop&quot;:&quot;yes&quot;,&quot;background_slideshow_slide_duration&quot;:5000,&quot;background_slideshow_slide_transition&quot;:&quot;fade&quot;,&quot;background_slideshow_transition_duration&quot;:500}\">\n\t\t\t\t<\/div>\n\t\t\t\t\t<\/div>\n\t\t\t\t<\/div>\n\t\t<div class=\"elementor-element elementor-element-63a1b1ac elementor-hidden-desktop e-flex e-con-boxed e-con e-parent\" data-id=\"63a1b1ac\" data-element_type=\"container\">\n\t\t\t\t\t<div class=\"e-con-inner\">\n\t\t<div class=\"elementor-element elementor-element-282e2899 e-con-full e-flex e-con e-child\" data-id=\"282e2899\" data-element_type=\"container\" data-settings=\"{&quot;background_background&quot;:&quot;slideshow&quot;,&quot;background_slideshow_gallery&quot;:[{&quot;id&quot;:126,&quot;url&quot;:&quot;https:\\\/\\\/cocinasrio.isauramedia.com\\\/wp-content\\\/uploads\\\/2024\\\/08\\\/Albox-P-no-publicable-CARA-VISIBLE.png&quot;}],&quot;background_slideshow_loop&quot;:&quot;yes&quot;,&quot;background_slideshow_slide_duration&quot;:5000,&quot;background_slideshow_slide_transition&quot;:&quot;fade&quot;,&quot;background_slideshow_transition_duration&quot;:500}\">\n\t\t\t\t<\/div>\n\t\t<div class=\"elementor-element elementor-element-6b3464c1 e-con-full e-flex e-con e-child\" data-id=\"6b3464c1\" data-element_type=\"container\" data-settings=\"{&quot;background_background&quot;:&quot;slideshow&quot;,&quot;background_slideshow_gallery&quot;:[{&quot;id&quot;:126,&quot;url&quot;:&quot;https:\\\/\\\/cocinasrio.isauramedia.com\\\/wp-content\\\/uploads\\\/2024\\\/08\\\/Albox-P-no-publicable-CARA-VISIBLE.png&quot;}],&quot;background_slideshow_loop&quot;:&quot;yes&quot;,&quot;background_slideshow_slide_duration&quot;:5000,&quot;background_slideshow_slide_transition&quot;:&quot;fade&quot;,&quot;background_slideshow_transition_duration&quot;:500}\">\n\t\t\t\t<\/div>\n\t\t\t\t\t<\/div>\n\t\t\t\t<\/div>\n\t\t<div class=\"elementor-element elementor-element-15c9df1c e-flex e-con-boxed e-con e-parent\" data-id=\"15c9df1c\" data-element_type=\"container\" data-settings=\"{&quot;background_background&quot;:&quot;classic&quot;}\">\n\t\t\t\t\t<div class=\"e-con-inner\">\n\t\t\t\t\t<\/div>\n\t\t\t\t<\/div>\n\t\t<div class=\"elementor-element elementor-element-4bbf1060 elementor-hidden-desktop e-flex e-con-boxed e-con e-parent\" data-id=\"4bbf1060\" data-element_type=\"container\">\n\t\t\t\t\t<div class=\"e-con-inner\">\n\t\t<div class=\"elementor-element elementor-element-3ea1cf60 e-con-full e-flex e-con e-child\" data-id=\"3ea1cf60\" data-element_type=\"container\" data-settings=\"{&quot;background_background&quot;:&quot;slideshow&quot;,&quot;background_slideshow_gallery&quot;:[{&quot;id&quot;:126,&quot;url&quot;:&quot;https:\\\/\\\/cocinasrio.isauramedia.com\\\/wp-content\\\/uploads\\\/2024\\\/08\\\/Albox-P-no-publicable-CARA-VISIBLE.png&quot;}],&quot;background_slideshow_loop&quot;:&quot;yes&quot;,&quot;background_slideshow_slide_duration&quot;:5000,&quot;background_slideshow_slide_transition&quot;:&quot;fade&quot;,&quot;background_slideshow_transition_duration&quot;:500}\">\n\t\t\t\t<\/div>\n\t\t<div class=\"elementor-element elementor-element-5e784c12 e-con-full e-flex e-con e-child\" data-id=\"5e784c12\" data-element_type=\"container\" data-settings=\"{&quot;background_background&quot;:&quot;slideshow&quot;,&quot;background_slideshow_gallery&quot;:[{&quot;id&quot;:126,&quot;url&quot;:&quot;https:\\\/\\\/cocinasrio.isauramedia.com\\\/wp-content\\\/uploads\\\/2024\\\/08\\\/Albox-P-no-publicable-CARA-VISIBLE.png&quot;}],&quot;background_slideshow_loop&quot;:&quot;yes&quot;,&quot;background_slideshow_slide_duration&quot;:5000,&quot;background_slideshow_slide_transition&quot;:&quot;fade&quot;,&quot;background_slideshow_transition_duration&quot;:500}\">\n\t\t\t\t<\/div>\n\t\t\t\t\t<\/div>\n\t\t\t\t<\/div>\n\t\t<div class=\"elementor-element elementor-element-5b9fda78 elementor-hidden-tablet elementor-hidden-mobile e-flex e-con-boxed e-con e-parent\" data-id=\"5b9fda78\" data-element_type=\"container\">\n\t\t\t\t\t<div class=\"e-con-inner\">\n\t\t<div class=\"elementor-element elementor-element-12a9a86b e-con-full e-flex e-con e-child\" data-id=\"12a9a86b\" data-element_type=\"container\" data-settings=\"{&quot;background_background&quot;:&quot;slideshow&quot;,&quot;background_slideshow_gallery&quot;:[{&quot;id&quot;:128,&quot;url&quot;:&quot;https:\\\/\\\/cocinasrio.isauramedia.com\\\/wp-content\\\/uploads\\\/2024\\\/08\\\/Cumbre-no-publicable.png&quot;}],&quot;background_slideshow_loop&quot;:&quot;yes&quot;,&quot;background_slideshow_slide_duration&quot;:5000,&quot;background_slideshow_slide_transition&quot;:&quot;fade&quot;,&quot;background_slideshow_transition_duration&quot;:500}\">\n\t\t\t\t<\/div>\n\t\t<div class=\"elementor-element elementor-element-30af5480 e-con-full e-flex e-con e-child\" data-id=\"30af5480\" data-element_type=\"container\" data-settings=\"{&quot;background_background&quot;:&quot;slideshow&quot;,&quot;background_slideshow_gallery&quot;:[{&quot;id&quot;:126,&quot;url&quot;:&quot;https:\\\/\\\/cocinasrio.isauramedia.com\\\/wp-content\\\/uploads\\\/2024\\\/08\\\/Albox-P-no-publicable-CARA-VISIBLE.png&quot;}],&quot;background_slideshow_loop&quot;:&quot;yes&quot;,&quot;background_slideshow_slide_duration&quot;:5000,&quot;background_slideshow_slide_transition&quot;:&quot;fade&quot;,&quot;background_slideshow_transition_duration&quot;:500}\">\n\t\t\t\t<\/div>\n\t\t\t\t\t<\/div>\n\t\t\t\t<\/div>\n\t\t<div class=\"elementor-element elementor-element-4900bcf5 e-flex e-con-boxed e-con e-parent\" data-id=\"4900bcf5\" data-element_type=\"container\" data-settings=\"{&quot;background_background&quot;:&quot;classic&quot;}\">\n\t\t\t\t\t<div class=\"e-con-inner\">\n\t\t\t\t\t<\/div>\n\t\t\t\t<\/div>\n\t\t<div class=\"elementor-element elementor-element-699e6ea8 e-flex e-con-boxed e-con e-parent\" data-id=\"699e6ea8\" data-element_type=\"container\">\n\t\t\t\t\t<div class=\"e-con-inner\">\n\t\t\t\t<div class=\"elementor-element elementor-element-48f503d0 elementor-widget elementor-widget-spacer\" data-id=\"48f503d0\" data-element_type=\"widget\" data-widget_type=\"spacer.default\">\n\t\t\t\t<div class=\"elementor-widget-container\">\n\t\t\t<style>\/*! elementor - v3.23.0 - 05-08-2024 *\/\n.elementor-column .elementor-spacer-inner{height:var(--spacer-size)}.e-con{--container-widget-width:100%}.e-con-inner>.elementor-widget-spacer,.e-con>.elementor-widget-spacer{width:var(--container-widget-width,var(--spacer-size));--align-self:var(--container-widget-align-self,initial);--flex-shrink:0}.e-con-inner>.elementor-widget-spacer>.elementor-widget-container,.e-con>.elementor-widget-spacer>.elementor-widget-container{height:100%;width:100%}.e-con-inner>.elementor-widget-spacer>.elementor-widget-container>.elementor-spacer,.e-con>.elementor-widget-spacer>.elementor-widget-container>.elementor-spacer{height:100%}.e-con-inner>.elementor-widget-spacer>.elementor-widget-container>.elementor-spacer>.elementor-spacer-inner,.e-con>.elementor-widget-spacer>.elementor-widget-container>.elementor-spacer>.elementor-spacer-inner{height:var(--container-widget-height,var(--spacer-size))}.e-con-inner>.elementor-widget-spacer.elementor-widget-empty,.e-con>.elementor-widget-spacer.elementor-widget-empty{position:relative;min-height:22px;min-width:22px}.e-con-inner>.elementor-widget-spacer.elementor-widget-empty .elementor-widget-empty-icon,.e-con>.elementor-widget-spacer.elementor-widget-empty .elementor-widget-empty-icon{position:absolute;top:0;bottom:0;left:0;right:0;margin:auto;padding:0;width:22px;height:22px}<\/style>\t\t<div class=\"elementor-spacer\">\n\t\t\t<div class=\"elementor-spacer-inner\"><\/div>\n\t\t<\/div>\n\t\t\t\t<\/div>\n\t\t\t\t<\/div>\n\t\t\t\t\t<\/div>\n\t\t\t\t<\/div>\n\t\t<div class=\"elementor-element elementor-element-6df8336c e-con-full e-flex e-con e-parent\" data-id=\"6df8336c\" data-element_type=\"container\" data-settings=\"{&quot;background_background&quot;:&quot;gradient&quot;}\">\n\t\t<div class=\"elementor-element elementor-element-56b32ca1 e-con-full e-flex e-con e-child\" data-id=\"56b32ca1\" data-element_type=\"container\">\n\t\t\t\t<div class=\"elementor-element elementor-element-3cbadbf6 animated-slow elementor-invisible elementor-widget elementor-widget-heading\" data-id=\"3cbadbf6\" data-element_type=\"widget\" data-settings=\"{&quot;_animation&quot;:&quot;fadeIn&quot;,&quot;_animation_delay&quot;:100}\" data-widget_type=\"heading.default\">\n\t\t\t\t<div class=\"elementor-widget-container\">\n\t\t\t<h2 class=\"elementor-heading-title elementor-size-default\">Reserva tu cita previa<\/h2>\t\t<\/div>\n\t\t\t\t<\/div>\n\t\t\t\t<\/div>\n\t\t<div class=\"elementor-element elementor-element-354cd20b e-con-full e-flex e-con e-child\" data-id=\"354cd20b\" data-element_type=\"container\">\n\t\t\t\t<div class=\"elementor-element elementor-element-6684f7e elementor-align-right elementor-widget elementor-widget-button\" data-id=\"6684f7e\" data-element_type=\"widget\" data-widget_type=\"button.default\">\n\t\t\t\t<div class=\"elementor-widget-container\">\n\t\t\t\t\t<div class=\"elementor-button-wrapper\">\n\t\t\t<a class=\"elementor-button elementor-button-link elementor-size-md\" href=\"https:\/\/book.timify.com\/services?accountId=65eee810be788c3da8a70766&#038;fullscreen=1&#038;hideCloseButton=1&#038;showGuestBookingForm=1&#038;locale=es-es\">\n\t\t\t\t\t\t<span class=\"elementor-button-content-wrapper\">\n\t\t\t\t\t\t\t\t\t<span class=\"elementor-button-text\">Showroom Getafe<\/span>\n\t\t\t\t\t<\/span>\n\t\t\t\t\t<\/a>\n\t\t<\/div>\n\t\t\t\t<\/div>\n\t\t\t\t<\/div>\n\t\t\t\t<\/div>\n\t\t<div class=\"elementor-element elementor-element-487fe36a e-con-full e-flex e-con e-child\" data-id=\"487fe36a\" data-element_type=\"container\">\n\t\t\t\t<div class=\"elementor-element elementor-element-1648bd4f elementor-align-right elementor-widget elementor-widget-button\" data-id=\"1648bd4f\" data-element_type=\"widget\" data-widget_type=\"button.default\">\n\t\t\t\t<div class=\"elementor-widget-container\">\n\t\t\t\t\t<div class=\"elementor-button-wrapper\">\n\t\t\t<a class=\"elementor-button elementor-button-link elementor-size-md\" href=\"https:\/\/book.timify.com\/?accountId=660faa17eee6514dadeeabbf&#038;fullscreen=1&#038;hideCloseButton=1&#038;showGuestBookingForm=1&#038;locale=es-es\">\n\t\t\t\t\t\t<span class=\"elementor-button-content-wrapper\">\n\t\t\t\t\t\t\t\t\t<span class=\"elementor-button-text\">Showroom Madrid<\/span>\n\t\t\t\t\t<\/span>\n\t\t\t\t\t<\/a>\n\t\t<\/div>\n\t\t\t\t<\/div>\n\t\t\t\t<\/div>\n\t\t\t\t<\/div>\n\t\t\t\t<\/div>\n\t\t\t\t<\/div>\n\t\t","protected":false},"excerpt":{"rendered":"<p>Fenix NTM Esta cocina en verde combina un tono de presencia impactante con otros acabados igualmente actuales como el negro y el roble. Una cocina de dise\u00f1o que mezcla elegancia y funcionalidad. Su vinoteca integrada, la encimera porcel\u00e1nica Neolith o el laminado antihuellas de f\u00e1cil limpieza son s\u00f3lo alguno de los puntos diferenciales de esta [&hellip;]<\/p>\n","protected":false},"author":1,"featured_media":1225,"parent":0,"menu_order":0,"comment_status":"closed","ping_status":"closed","template":"","meta":{"footnotes":""},"categories":[19],"class_list":["post-1222","page","type-page","status-publish","has-post-thumbnail","hentry","category-proyectos-cocinas"],"yoast_head":"<!-- This site is optimized with the Yoast SEO plugin v23.3 - https:\/\/yoast.com\/wordpress\/plugins\/seo\/ -->\n<title>Fenix NTM - Cocinas R\u00edo<\/title>\n<meta name=\"description\" content=\"Cocina FENIX NTM\" \/>\n<meta name=\"robots\" content=\"index, follow, max-snippet:-1, max-image-preview:large, max-video-preview:-1\" \/>\n<link rel=\"canonical\" href=\"https:\/\/cocinasrio.isauramedia.com\/index.php\/cocina-fenix-ntm\/\" \/>\n<meta property=\"og:locale\" content=\"es_ES\" \/>\n<meta property=\"og:type\" content=\"article\" \/>\n<meta property=\"og:title\" content=\"Fenix NTM - Cocinas R\u00edo\" \/>\n<meta property=\"og:description\" content=\"Cocina FENIX NTM\" \/>\n<meta property=\"og:url\" content=\"https:\/\/cocinasrio.isauramedia.com\/index.php\/cocina-fenix-ntm\/\" \/>\n<meta property=\"og:site_name\" content=\"Cocinas R\u00edo\" \/>\n<meta property=\"article:modified_time\" content=\"2024-09-30T15:14:28+00:00\" \/>\n<meta property=\"og:image\" content=\"https:\/\/cocinasrio.isauramedia.com\/wp-content\/uploads\/2024\/09\/cocina-verde-de-diseno.jpg\" \/>\n\t<meta property=\"og:image:width\" content=\"1920\" \/>\n\t<meta property=\"og:image:height\" content=\"1280\" \/>\n\t<meta property=\"og:image:type\" content=\"image\/jpeg\" \/>\n<meta name=\"twitter:card\" content=\"summary_large_image\" \/>\n<meta name=\"twitter:label1\" content=\"Tiempo de lectura\" \/>\n\t<meta name=\"twitter:data1\" content=\"1 minuto\" \/>\n<script type=\"application\/ld+json\" class=\"yoast-schema-graph\">{\"@context\":\"https:\/\/schema.org\",\"@graph\":[{\"@type\":\"WebPage\",\"@id\":\"https:\/\/cocinasrio.isauramedia.com\/index.php\/cocina-fenix-ntm\/\",\"url\":\"https:\/\/cocinasrio.isauramedia.com\/index.php\/cocina-fenix-ntm\/\",\"name\":\"Fenix NTM - Cocinas R\u00edo\",\"isPartOf\":{\"@id\":\"https:\/\/cocinasrio.isauramedia.com\/#website\"},\"primaryImageOfPage\":{\"@id\":\"https:\/\/cocinasrio.isauramedia.com\/index.php\/cocina-fenix-ntm\/#primaryimage\"},\"image\":{\"@id\":\"https:\/\/cocinasrio.isauramedia.com\/index.php\/cocina-fenix-ntm\/#primaryimage\"},\"thumbnailUrl\":\"https:\/\/cocinasrio.isauramedia.com\/wp-content\/uploads\/2024\/09\/cocina-verde-de-diseno.jpg\",\"datePublished\":\"2024-09-06T12:00:34+00:00\",\"dateModified\":\"2024-09-30T15:14:28+00:00\",\"description\":\"Cocina FENIX NTM\",\"breadcrumb\":{\"@id\":\"https:\/\/cocinasrio.isauramedia.com\/index.php\/cocina-fenix-ntm\/#breadcrumb\"},\"inLanguage\":\"es\",\"potentialAction\":[{\"@type\":\"ReadAction\",\"target\":[\"https:\/\/cocinasrio.isauramedia.com\/index.php\/cocina-fenix-ntm\/\"]}]},{\"@type\":\"ImageObject\",\"inLanguage\":\"es\",\"@id\":\"https:\/\/cocinasrio.isauramedia.com\/index.php\/cocina-fenix-ntm\/#primaryimage\",\"url\":\"https:\/\/cocinasrio.isauramedia.com\/wp-content\/uploads\/2024\/09\/cocina-verde-de-diseno.jpg\",\"contentUrl\":\"https:\/\/cocinasrio.isauramedia.com\/wp-content\/uploads\/2024\/09\/cocina-verde-de-diseno.jpg\",\"width\":1920,\"height\":1280},{\"@type\":\"BreadcrumbList\",\"@id\":\"https:\/\/cocinasrio.isauramedia.com\/index.php\/cocina-fenix-ntm\/#breadcrumb\",\"itemListElement\":[{\"@type\":\"ListItem\",\"position\":1,\"name\":\"Portada\",\"item\":\"https:\/\/cocinasrio.isauramedia.com\/\"},{\"@type\":\"ListItem\",\"position\":2,\"name\":\"Fenix NTM\"}]},{\"@type\":\"WebSite\",\"@id\":\"https:\/\/cocinasrio.isauramedia.com\/#website\",\"url\":\"https:\/\/cocinasrio.isauramedia.com\/\",\"name\":\"Cocinas R\u00edo\",\"description\":\"\",\"publisher\":{\"@id\":\"https:\/\/cocinasrio.isauramedia.com\/#organization\"},\"potentialAction\":[{\"@type\":\"SearchAction\",\"target\":{\"@type\":\"EntryPoint\",\"urlTemplate\":\"https:\/\/cocinasrio.isauramedia.com\/?s={search_term_string}\"},\"query-input\":\"required name=search_term_string\"}],\"inLanguage\":\"es\"},{\"@type\":\"Organization\",\"@id\":\"https:\/\/cocinasrio.isauramedia.com\/#organization\",\"name\":\"Cocinas R\u00edo\",\"url\":\"https:\/\/cocinasrio.isauramedia.com\/\",\"logo\":{\"@type\":\"ImageObject\",\"inLanguage\":\"es\",\"@id\":\"https:\/\/cocinasrio.isauramedia.com\/#\/schema\/logo\/image\/\",\"url\":\"https:\/\/cocinasrio.isauramedia.com\/wp-content\/uploads\/2024\/08\/logo-cocinas-rio-blanco.png\",\"contentUrl\":\"https:\/\/cocinasrio.isauramedia.com\/wp-content\/uploads\/2024\/08\/logo-cocinas-rio-blanco.png\",\"width\":933,\"height\":488,\"caption\":\"Cocinas R\u00edo\"},\"image\":{\"@id\":\"https:\/\/cocinasrio.isauramedia.com\/#\/schema\/logo\/image\/\"}}]}<\/script>\n<!-- \/ Yoast SEO plugin. -->","yoast_head_json":{"title":"Fenix NTM - Cocinas R\u00edo","description":"Cocina FENIX NTM","robots":{"index":"index","follow":"follow","max-snippet":"max-snippet:-1","max-image-preview":"max-image-preview:large","max-video-preview":"max-video-preview:-1"},"canonical":"https:\/\/cocinasrio.isauramedia.com\/index.php\/cocina-fenix-ntm\/","og_locale":"es_ES","og_type":"article","og_title":"Fenix NTM - Cocinas R\u00edo","og_description":"Cocina FENIX NTM","og_url":"https:\/\/cocinasrio.isauramedia.com\/index.php\/cocina-fenix-ntm\/","og_site_name":"Cocinas R\u00edo","article_modified_time":"2024-09-30T15:14:28+00:00","og_image":[{"width":1920,"height":1280,"url":"https:\/\/cocinasrio.isauramedia.com\/wp-content\/uploads\/2024\/09\/cocina-verde-de-diseno.jpg","type":"image\/jpeg"}],"twitter_card":"summary_large_image","twitter_misc":{"Tiempo de lectura":"1 minuto"},"schema":{"@context":"https:\/\/schema.org","@graph":[{"@type":"WebPage","@id":"https:\/\/cocinasrio.isauramedia.com\/index.php\/cocina-fenix-ntm\/","url":"https:\/\/cocinasrio.isauramedia.com\/index.php\/cocina-fenix-ntm\/","name":"Fenix NTM - Cocinas R\u00edo","isPartOf":{"@id":"https:\/\/cocinasrio.isauramedia.com\/#website"},"primaryImageOfPage":{"@id":"https:\/\/cocinasrio.isauramedia.com\/index.php\/cocina-fenix-ntm\/#primaryimage"},"image":{"@id":"https:\/\/cocinasrio.isauramedia.com\/index.php\/cocina-fenix-ntm\/#primaryimage"},"thumbnailUrl":"https:\/\/cocinasrio.isauramedia.com\/wp-content\/uploads\/2024\/09\/cocina-verde-de-diseno.jpg","datePublished":"2024-09-06T12:00:34+00:00","dateModified":"2024-09-30T15:14:28+00:00","description":"Cocina FENIX NTM","breadcrumb":{"@id":"https:\/\/cocinasrio.isauramedia.com\/index.php\/cocina-fenix-ntm\/#breadcrumb"},"inLanguage":"es","potentialAction":[{"@type":"ReadAction","target":["https:\/\/cocinasrio.isauramedia.com\/index.php\/cocina-fenix-ntm\/"]}]},{"@type":"ImageObject","inLanguage":"es","@id":"https:\/\/cocinasrio.isauramedia.com\/index.php\/cocina-fenix-ntm\/#primaryimage","url":"https:\/\/cocinasrio.isauramedia.com\/wp-content\/uploads\/2024\/09\/cocina-verde-de-diseno.jpg","contentUrl":"https:\/\/cocinasrio.isauramedia.com\/wp-content\/uploads\/2024\/09\/cocina-verde-de-diseno.jpg","width":1920,"height":1280},{"@type":"BreadcrumbList","@id":"https:\/\/cocinasrio.isauramedia.com\/index.php\/cocina-fenix-ntm\/#breadcrumb","itemListElement":[{"@type":"ListItem","position":1,"name":"Portada","item":"https:\/\/cocinasrio.isauramedia.com\/"},{"@type":"ListItem","position":2,"name":"Fenix NTM"}]},{"@type":"WebSite","@id":"https:\/\/cocinasrio.isauramedia.com\/#website","url":"https:\/\/cocinasrio.isauramedia.com\/","name":"Cocinas R\u00edo","description":"","publisher":{"@id":"https:\/\/cocinasrio.isauramedia.com\/#organization"},"potentialAction":[{"@type":"SearchAction","target":{"@type":"EntryPoint","urlTemplate":"https:\/\/cocinasrio.isauramedia.com\/?s={search_term_string}"},"query-input":"required name=search_term_string"}],"inLanguage":"es"},{"@type":"Organization","@id":"https:\/\/cocinasrio.isauramedia.com\/#organization","name":"Cocinas R\u00edo","url":"https:\/\/cocinasrio.isauramedia.com\/","logo":{"@type":"ImageObject","inLanguage":"es","@id":"https:\/\/cocinasrio.isauramedia.com\/#\/schema\/logo\/image\/","url":"https:\/\/cocinasrio.isauramedia.com\/wp-content\/uploads\/2024\/08\/logo-cocinas-rio-blanco.png","contentUrl":"https:\/\/cocinasrio.isauramedia.com\/wp-content\/uploads\/2024\/08\/logo-cocinas-rio-blanco.png","width":933,"height":488,"caption":"Cocinas R\u00edo"},"image":{"@id":"https:\/\/cocinasrio.isauramedia.com\/#\/schema\/logo\/image\/"}}]}},"_links":{"self":[{"href":"https:\/\/cocinasrio.isauramedia.com\/index.php\/wp-json\/wp\/v2\/pages\/1222","targetHints":{"allow":["GET"]}}],"collection":[{"href":"https:\/\/cocinasrio.isauramedia.com\/index.php\/wp-json\/wp\/v2\/pages"}],"about":[{"href":"https:\/\/cocinasrio.isauramedia.com\/index.php\/wp-json\/wp\/v2\/types\/page"}],"author":[{"embeddable":true,"href":"https:\/\/cocinasrio.isauramedia.com\/index.php\/wp-json\/wp\/v2\/users\/1"}],"replies":[{"embeddable":true,"href":"https:\/\/cocinasrio.isauramedia.com\/index.php\/wp-json\/wp\/v2\/comments?post=1222"}],"version-history":[{"count":11,"href":"https:\/\/cocinasrio.isauramedia.com\/index.php\/wp-json\/wp\/v2\/pages\/1222\/revisions"}],"predecessor-version":[{"id":1642,"href":"https:\/\/cocinasrio.isauramedia.com\/index.php\/wp-json\/wp\/v2\/pages\/1222\/revisions\/1642"}],"wp:featuredmedia":[{"embeddable":true,"href":"https:\/\/cocinasrio.isauramedia.com\/index.php\/wp-json\/wp\/v2\/media\/1225"}],"wp:attachment":[{"href":"https:\/\/cocinasrio.isauramedia.com\/index.php\/wp-json\/wp\/v2\/media?parent=1222"}],"wp:term":[{"taxonomy":"category","embeddable":true,"href":"https:\/\/cocinasrio.isauramedia.com\/index.php\/wp-json\/wp\/v2\/categories?post=1222"}],"curies":[{"name":"wp","href":"https:\/\/api.w.org\/{rel}","templated":true}]}}