{"id":1323,"date":"2024-09-16T09:36:07","date_gmt":"2024-09-16T09:36:07","guid":{"rendered":"https:\/\/cocinasrio.isauramedia.com\/?page_id=1323"},"modified":"2024-10-14T07:51:31","modified_gmt":"2024-10-14T07:51:31","slug":"contacto","status":"publish","type":"page","link":"https:\/\/cocinasrio.isauramedia.com\/index.php\/contacto\/","title":{"rendered":"Contacto"},"content":{"rendered":"\t\t<div data-elementor-type=\"wp-page\" data-elementor-id=\"1323\" class=\"elementor elementor-1323\" data-elementor-post-type=\"page\">\n\t\t\t\t<div class=\"elementor-element elementor-element-88960d4 e-flex e-con-boxed e-con e-parent\" data-id=\"88960d4\" data-element_type=\"container\" data-settings=\"{&quot;background_background&quot;:&quot;slideshow&quot;,&quot;background_slideshow_gallery&quot;:[{&quot;id&quot;:1329,&quot;url&quot;:&quot;https:\\\/\\\/cocinasrio.isauramedia.com\\\/wp-content\\\/uploads\\\/2024\\\/09\\\/Cocinas-rio.jpg&quot;}],&quot;background_slideshow_loop&quot;:&quot;yes&quot;,&quot;background_slideshow_slide_duration&quot;:5000,&quot;background_slideshow_slide_transition&quot;:&quot;fade&quot;,&quot;background_slideshow_transition_duration&quot;:500}\">\n\t\t\t\t\t<div class=\"e-con-inner\">\n\t\t<div class=\"elementor-element elementor-element-789bc9f e-con-full e-flex e-con e-child\" data-id=\"789bc9f\" data-element_type=\"container\">\n\t\t\t\t<div class=\"elementor-element elementor-element-0f1b59f animated-slow elementor-invisible elementor-widget elementor-widget-heading\" data-id=\"0f1b59f\" data-element_type=\"widget\" data-settings=\"{&quot;_animation&quot;:&quot;fadeIn&quot;,&quot;_animation_delay&quot;:100}\" data-widget_type=\"heading.default\">\n\t\t\t\t<div class=\"elementor-widget-container\">\n\t\t\t<style>\/*! elementor - v3.23.0 - 05-08-2024 *\/\n.elementor-heading-title{padding:0;margin:0;line-height:1}.elementor-widget-heading .elementor-heading-title[class*=elementor-size-]>a{color:inherit;font-size:inherit;line-height:inherit}.elementor-widget-heading .elementor-heading-title.elementor-size-small{font-size:15px}.elementor-widget-heading .elementor-heading-title.elementor-size-medium{font-size:19px}.elementor-widget-heading .elementor-heading-title.elementor-size-large{font-size:29px}.elementor-widget-heading .elementor-heading-title.elementor-size-xl{font-size:39px}.elementor-widget-heading .elementor-heading-title.elementor-size-xxl{font-size:59px}<\/style><h1 class=\"elementor-heading-title elementor-size-default\">Contacto<\/h1>\t\t<\/div>\n\t\t\t\t<\/div>\n\t\t\t\t<\/div>\n\t\t<div class=\"elementor-element elementor-element-7f1de48 e-grid e-con-full e-con e-child\" data-id=\"7f1de48\" data-element_type=\"container\">\n\t\t<div class=\"elementor-element elementor-element-765168b e-con-full e-flex elementor-invisible e-con e-child\" data-id=\"765168b\" data-element_type=\"container\" data-settings=\"{&quot;background_background&quot;:&quot;classic&quot;,&quot;animation&quot;:&quot;fadeIn&quot;}\">\n\t\t\t\t<div class=\"elementor-element elementor-element-a340ce6 elementor-widget elementor-widget-heading\" data-id=\"a340ce6\" data-element_type=\"widget\" data-widget_type=\"heading.default\">\n\t\t\t\t<div class=\"elementor-widget-container\">\n\t\t\t<h2 class=\"elementor-heading-title elementor-size-default\">Contrataci\u00f3n<\/h2>\t\t<\/div>\n\t\t\t\t<\/div>\n\t\t\t\t<div class=\"elementor-element elementor-element-ec21947 elementor-widget elementor-widget-text-editor\" data-id=\"ec21947\" data-element_type=\"widget\" data-widget_type=\"text-editor.default\">\n\t\t\t\t<div class=\"elementor-widget-container\">\n\t\t\t<style>\/*! elementor - v3.23.0 - 05-08-2024 *\/\n.elementor-widget-text-editor.elementor-drop-cap-view-stacked .elementor-drop-cap{background-color:#69727d;color:#fff}.elementor-widget-text-editor.elementor-drop-cap-view-framed .elementor-drop-cap{color:#69727d;border:3px solid;background-color:transparent}.elementor-widget-text-editor:not(.elementor-drop-cap-view-default) .elementor-drop-cap{margin-top:8px}.elementor-widget-text-editor:not(.elementor-drop-cap-view-default) .elementor-drop-cap-letter{width:1em;height:1em}.elementor-widget-text-editor .elementor-drop-cap{float:left;text-align:center;line-height:1;font-size:50px}.elementor-widget-text-editor .elementor-drop-cap-letter{display:inline-block}<\/style>\t\t\t\t<p>pbanos@cocinasrio.com<\/p>\t\t\t\t\t\t<\/div>\n\t\t\t\t<\/div>\n\t\t\t\t<\/div>\n\t\t<div class=\"elementor-element elementor-element-f427fd7 e-con-full e-flex elementor-invisible e-con e-child\" data-id=\"f427fd7\" data-element_type=\"container\" data-settings=\"{&quot;background_background&quot;:&quot;classic&quot;,&quot;animation&quot;:&quot;fadeIn&quot;}\">\n\t\t\t\t<div class=\"elementor-element elementor-element-8734a24 elementor-widget elementor-widget-heading\" data-id=\"8734a24\" data-element_type=\"widget\" data-widget_type=\"heading.default\">\n\t\t\t\t<div class=\"elementor-widget-container\">\n\t\t\t<h2 class=\"elementor-heading-title elementor-size-default\">T\u00e9cnico<\/h2>\t\t<\/div>\n\t\t\t\t<\/div>\n\t\t\t\t<div class=\"elementor-element elementor-element-63de442 elementor-widget elementor-widget-text-editor\" data-id=\"63de442\" data-element_type=\"widget\" data-widget_type=\"text-editor.default\">\n\t\t\t\t<div class=\"elementor-widget-container\">\n\t\t\t\t\t\t\t<p>tecnico@cocinasrio.com<\/p>\t\t\t\t\t\t<\/div>\n\t\t\t\t<\/div>\n\t\t\t\t<\/div>\n\t\t<div class=\"elementor-element elementor-element-7278bca e-con-full e-flex elementor-invisible e-con e-child\" data-id=\"7278bca\" data-element_type=\"container\" data-settings=\"{&quot;background_background&quot;:&quot;classic&quot;,&quot;animation&quot;:&quot;fadeIn&quot;}\">\n\t\t\t\t<div class=\"elementor-element elementor-element-a32aae4 elementor-widget elementor-widget-heading\" data-id=\"a32aae4\" data-element_type=\"widget\" data-widget_type=\"heading.default\">\n\t\t\t\t<div class=\"elementor-widget-container\">\n\t\t\t<h2 class=\"elementor-heading-title elementor-size-default\">Publicidad<\/h2>\t\t<\/div>\n\t\t\t\t<\/div>\n\t\t\t\t<div class=\"elementor-element elementor-element-82dd80a elementor-widget elementor-widget-text-editor\" data-id=\"82dd80a\" data-element_type=\"widget\" data-widget_type=\"text-editor.default\">\n\t\t\t\t<div class=\"elementor-widget-container\">\n\t\t\t\t\t\t\t<p>publicidad@cocinasrio.com<\/p>\t\t\t\t\t\t<\/div>\n\t\t\t\t<\/div>\n\t\t\t\t<\/div>\n\t\t<div class=\"elementor-element elementor-element-47477c3 e-con-full e-flex elementor-invisible e-con e-child\" data-id=\"47477c3\" data-element_type=\"container\" data-settings=\"{&quot;background_background&quot;:&quot;classic&quot;,&quot;animation&quot;:&quot;fadeIn&quot;}\">\n\t\t\t\t<div class=\"elementor-element elementor-element-2db2108 elementor-widget elementor-widget-heading\" data-id=\"2db2108\" data-element_type=\"widget\" data-widget_type=\"heading.default\">\n\t\t\t\t<div class=\"elementor-widget-container\">\n\t\t\t<h2 class=\"elementor-heading-title elementor-size-default\">M\u00e1s informaci\u00f3n<\/h2>\t\t<\/div>\n\t\t\t\t<\/div>\n\t\t\t\t<div class=\"elementor-element elementor-element-cb02f14 elementor-widget elementor-widget-text-editor\" data-id=\"cb02f14\" data-element_type=\"widget\" data-widget_type=\"text-editor.default\">\n\t\t\t\t<div class=\"elementor-widget-container\">\n\t\t\t\t\t\t\t<p>cocinasrio@infonegocio.com<\/p>\t\t\t\t\t\t<\/div>\n\t\t\t\t<\/div>\n\t\t\t\t<\/div>\n\t\t\t\t<\/div>\n\t\t\t\t\t<\/div>\n\t\t\t\t<\/div>\n\t\t\t\t<\/div>\n\t\t","protected":false},"excerpt":{"rendered":"<p>Contacto Contrataci\u00f3n pbanos@cocinasrio.com T\u00e9cnico tecnico@cocinasrio.com Publicidad publicidad@cocinasrio.com M\u00e1s informaci\u00f3n cocinasrio@infonegocio.com<\/p>\n","protected":false},"author":1,"featured_media":0,"parent":0,"menu_order":0,"comment_status":"closed","ping_status":"closed","template":"","meta":{"footnotes":""},"categories":[],"class_list":["post-1323","page","type-page","status-publish","hentry"],"yoast_head":"<!-- This site is optimized with the Yoast SEO plugin v23.3 - https:\/\/yoast.com\/wordpress\/plugins\/seo\/ -->\n<title>Contacto - Cocinas R\u00edo<\/title>\n<meta name=\"robots\" content=\"index, follow, max-snippet:-1, max-image-preview:large, max-video-preview:-1\" \/>\n<link rel=\"canonical\" href=\"https:\/\/cocinasrio.isauramedia.com\/index.php\/contacto\/\" \/>\n<meta property=\"og:locale\" content=\"es_ES\" \/>\n<meta property=\"og:type\" content=\"article\" \/>\n<meta property=\"og:title\" content=\"Contacto - Cocinas R\u00edo\" \/>\n<meta property=\"og:description\" content=\"Contacto Contrataci\u00f3n pbanos@cocinasrio.com T\u00e9cnico tecnico@cocinasrio.com Publicidad publicidad@cocinasrio.com M\u00e1s informaci\u00f3n cocinasrio@infonegocio.com\" \/>\n<meta property=\"og:url\" content=\"https:\/\/cocinasrio.isauramedia.com\/index.php\/contacto\/\" \/>\n<meta property=\"og:site_name\" content=\"Cocinas R\u00edo\" \/>\n<meta property=\"article:modified_time\" content=\"2024-10-14T07:51:31+00:00\" \/>\n<meta name=\"twitter:card\" content=\"summary_large_image\" \/>\n<meta name=\"twitter:label1\" content=\"Tiempo de lectura\" \/>\n\t<meta name=\"twitter:data1\" content=\"1 minuto\" \/>\n<script type=\"application\/ld+json\" class=\"yoast-schema-graph\">{\"@context\":\"https:\/\/schema.org\",\"@graph\":[{\"@type\":\"WebPage\",\"@id\":\"https:\/\/cocinasrio.isauramedia.com\/index.php\/contacto\/\",\"url\":\"https:\/\/cocinasrio.isauramedia.com\/index.php\/contacto\/\",\"name\":\"Contacto - Cocinas R\u00edo\",\"isPartOf\":{\"@id\":\"https:\/\/cocinasrio.isauramedia.com\/#website\"},\"datePublished\":\"2024-09-16T09:36:07+00:00\",\"dateModified\":\"2024-10-14T07:51:31+00:00\",\"breadcrumb\":{\"@id\":\"https:\/\/cocinasrio.isauramedia.com\/index.php\/contacto\/#breadcrumb\"},\"inLanguage\":\"es\",\"potentialAction\":[{\"@type\":\"ReadAction\",\"target\":[\"https:\/\/cocinasrio.isauramedia.com\/index.php\/contacto\/\"]}]},{\"@type\":\"BreadcrumbList\",\"@id\":\"https:\/\/cocinasrio.isauramedia.com\/index.php\/contacto\/#breadcrumb\",\"itemListElement\":[{\"@type\":\"ListItem\",\"position\":1,\"name\":\"Portada\",\"item\":\"https:\/\/cocinasrio.isauramedia.com\/\"},{\"@type\":\"ListItem\",\"position\":2,\"name\":\"Contacto\"}]},{\"@type\":\"WebSite\",\"@id\":\"https:\/\/cocinasrio.isauramedia.com\/#website\",\"url\":\"https:\/\/cocinasrio.isauramedia.com\/\",\"name\":\"Cocinas R\u00edo\",\"description\":\"\",\"publisher\":{\"@id\":\"https:\/\/cocinasrio.isauramedia.com\/#organization\"},\"potentialAction\":[{\"@type\":\"SearchAction\",\"target\":{\"@type\":\"EntryPoint\",\"urlTemplate\":\"https:\/\/cocinasrio.isauramedia.com\/?s={search_term_string}\"},\"query-input\":\"required name=search_term_string\"}],\"inLanguage\":\"es\"},{\"@type\":\"Organization\",\"@id\":\"https:\/\/cocinasrio.isauramedia.com\/#organization\",\"name\":\"Cocinas R\u00edo\",\"url\":\"https:\/\/cocinasrio.isauramedia.com\/\",\"logo\":{\"@type\":\"ImageObject\",\"inLanguage\":\"es\",\"@id\":\"https:\/\/cocinasrio.isauramedia.com\/#\/schema\/logo\/image\/\",\"url\":\"https:\/\/cocinasrio.isauramedia.com\/wp-content\/uploads\/2024\/08\/logo-cocinas-rio-blanco.png\",\"contentUrl\":\"https:\/\/cocinasrio.isauramedia.com\/wp-content\/uploads\/2024\/08\/logo-cocinas-rio-blanco.png\",\"width\":933,\"height\":488,\"caption\":\"Cocinas R\u00edo\"},\"image\":{\"@id\":\"https:\/\/cocinasrio.isauramedia.com\/#\/schema\/logo\/image\/\"}}]}<\/script>\n<!-- \/ Yoast SEO plugin. -->","yoast_head_json":{"title":"Contacto - Cocinas R\u00edo","robots":{"index":"index","follow":"follow","max-snippet":"max-snippet:-1","max-image-preview":"max-image-preview:large","max-video-preview":"max-video-preview:-1"},"canonical":"https:\/\/cocinasrio.isauramedia.com\/index.php\/contacto\/","og_locale":"es_ES","og_type":"article","og_title":"Contacto - Cocinas R\u00edo","og_description":"Contacto Contrataci\u00f3n pbanos@cocinasrio.com T\u00e9cnico tecnico@cocinasrio.com Publicidad publicidad@cocinasrio.com M\u00e1s informaci\u00f3n cocinasrio@infonegocio.com","og_url":"https:\/\/cocinasrio.isauramedia.com\/index.php\/contacto\/","og_site_name":"Cocinas R\u00edo","article_modified_time":"2024-10-14T07:51:31+00:00","twitter_card":"summary_large_image","twitter_misc":{"Tiempo de lectura":"1 minuto"},"schema":{"@context":"https:\/\/schema.org","@graph":[{"@type":"WebPage","@id":"https:\/\/cocinasrio.isauramedia.com\/index.php\/contacto\/","url":"https:\/\/cocinasrio.isauramedia.com\/index.php\/contacto\/","name":"Contacto - Cocinas R\u00edo","isPartOf":{"@id":"https:\/\/cocinasrio.isauramedia.com\/#website"},"datePublished":"2024-09-16T09:36:07+00:00","dateModified":"2024-10-14T07:51:31+00:00","breadcrumb":{"@id":"https:\/\/cocinasrio.isauramedia.com\/index.php\/contacto\/#breadcrumb"},"inLanguage":"es","potentialAction":[{"@type":"ReadAction","target":["https:\/\/cocinasrio.isauramedia.com\/index.php\/contacto\/"]}]},{"@type":"BreadcrumbList","@id":"https:\/\/cocinasrio.isauramedia.com\/index.php\/contacto\/#breadcrumb","itemListElement":[{"@type":"ListItem","position":1,"name":"Portada","item":"https:\/\/cocinasrio.isauramedia.com\/"},{"@type":"ListItem","position":2,"name":"Contacto"}]},{"@type":"WebSite","@id":"https:\/\/cocinasrio.isauramedia.com\/#website","url":"https:\/\/cocinasrio.isauramedia.com\/","name":"Cocinas R\u00edo","description":"","publisher":{"@id":"https:\/\/cocinasrio.isauramedia.com\/#organization"},"potentialAction":[{"@type":"SearchAction","target":{"@type":"EntryPoint","urlTemplate":"https:\/\/cocinasrio.isauramedia.com\/?s={search_term_string}"},"query-input":"required name=search_term_string"}],"inLanguage":"es"},{"@type":"Organization","@id":"https:\/\/cocinasrio.isauramedia.com\/#organization","name":"Cocinas R\u00edo","url":"https:\/\/cocinasrio.isauramedia.com\/","logo":{"@type":"ImageObject","inLanguage":"es","@id":"https:\/\/cocinasrio.isauramedia.com\/#\/schema\/logo\/image\/","url":"https:\/\/cocinasrio.isauramedia.com\/wp-content\/uploads\/2024\/08\/logo-cocinas-rio-blanco.png","contentUrl":"https:\/\/cocinasrio.isauramedia.com\/wp-content\/uploads\/2024\/08\/logo-cocinas-rio-blanco.png","width":933,"height":488,"caption":"Cocinas R\u00edo"},"image":{"@id":"https:\/\/cocinasrio.isauramedia.com\/#\/schema\/logo\/image\/"}}]}},"_links":{"self":[{"href":"https:\/\/cocinasrio.isauramedia.com\/index.php\/wp-json\/wp\/v2\/pages\/1323","targetHints":{"allow":["GET"]}}],"collection":[{"href":"https:\/\/cocinasrio.isauramedia.com\/index.php\/wp-json\/wp\/v2\/pages"}],"about":[{"href":"https:\/\/cocinasrio.isauramedia.com\/index.php\/wp-json\/wp\/v2\/types\/page"}],"author":[{"embeddable":true,"href":"https:\/\/cocinasrio.isauramedia.com\/index.php\/wp-json\/wp\/v2\/users\/1"}],"replies":[{"embeddable":true,"href":"https:\/\/cocinasrio.isauramedia.com\/index.php\/wp-json\/wp\/v2\/comments?post=1323"}],"version-history":[{"count":17,"href":"https:\/\/cocinasrio.isauramedia.com\/index.php\/wp-json\/wp\/v2\/pages\/1323\/revisions"}],"predecessor-version":[{"id":2108,"href":"https:\/\/cocinasrio.isauramedia.com\/index.php\/wp-json\/wp\/v2\/pages\/1323\/revisions\/2108"}],"wp:attachment":[{"href":"https:\/\/cocinasrio.isauramedia.com\/index.php\/wp-json\/wp\/v2\/media?parent=1323"}],"wp:term":[{"taxonomy":"category","embeddable":true,"href":"https:\/\/cocinasrio.isauramedia.com\/index.php\/wp-json\/wp\/v2\/categories?post=1323"}],"curies":[{"name":"wp","href":"https:\/\/api.w.org\/{rel}","templated":true}]}}