{"id":1788,"date":"2024-10-01T07:55:19","date_gmt":"2024-10-01T07:55:19","guid":{"rendered":"https:\/\/cocinasrio.isauramedia.com\/?page_id=1788"},"modified":"2024-10-01T08:14:24","modified_gmt":"2024-10-01T08:14:24","slug":"cocina-fenix-ntm-2","status":"publish","type":"page","link":"https:\/\/cocinasrio.isauramedia.com\/index.php\/cocina-fenix-ntm-2\/","title":{"rendered":"Fenix NTM"},"content":{"rendered":"\t\t<div data-elementor-type=\"wp-page\" data-elementor-id=\"1788\" class=\"elementor elementor-1788\" data-elementor-post-type=\"page\">\n\t\t\t\t<div class=\"elementor-element elementor-element-56ae2c8e e-con-full e-flex e-con e-parent\" data-id=\"56ae2c8e\" data-element_type=\"container\" data-settings=\"{&quot;background_background&quot;:&quot;slideshow&quot;,&quot;background_slideshow_gallery&quot;:[{&quot;id&quot;:1768,&quot;url&quot;:&quot;https:\\\/\\\/cocinasrio.isauramedia.com\\\/wp-content\\\/uploads\\\/2024\\\/10\\\/cocina-americana-acristalada.jpg&quot;}],&quot;background_slideshow_loop&quot;:&quot;yes&quot;,&quot;background_slideshow_slide_duration&quot;:5000,&quot;background_slideshow_slide_transition&quot;:&quot;fade&quot;,&quot;background_slideshow_transition_duration&quot;:500}\">\n\t\t\t\t<div class=\"elementor-element elementor-element-75ce1d05 animated-slow elementor-invisible elementor-widget elementor-widget-heading\" data-id=\"75ce1d05\" data-element_type=\"widget\" data-settings=\"{&quot;_animation&quot;:&quot;fadeIn&quot;,&quot;_animation_delay&quot;:100}\" data-widget_type=\"heading.default\">\n\t\t\t\t<div class=\"elementor-widget-container\">\n\t\t\t<style>\/*! elementor - v3.23.0 - 05-08-2024 *\/\n.elementor-heading-title{padding:0;margin:0;line-height:1}.elementor-widget-heading .elementor-heading-title[class*=elementor-size-]>a{color:inherit;font-size:inherit;line-height:inherit}.elementor-widget-heading .elementor-heading-title.elementor-size-small{font-size:15px}.elementor-widget-heading .elementor-heading-title.elementor-size-medium{font-size:19px}.elementor-widget-heading .elementor-heading-title.elementor-size-large{font-size:29px}.elementor-widget-heading .elementor-heading-title.elementor-size-xl{font-size:39px}.elementor-widget-heading .elementor-heading-title.elementor-size-xxl{font-size:59px}<\/style><h1 class=\"elementor-heading-title elementor-size-default\">Fenix NTM<\/h1>\t\t<\/div>\n\t\t\t\t<\/div>\n\t\t\t\t<\/div>\n\t\t<div class=\"elementor-element elementor-element-5db09d24 e-flex e-con-boxed e-con e-parent\" data-id=\"5db09d24\" data-element_type=\"container\">\n\t\t\t\t\t<div class=\"e-con-inner\">\n\t\t\t\t<div class=\"elementor-element elementor-element-6b75560 animated-slow elementor-invisible elementor-widget elementor-widget-text-editor\" data-id=\"6b75560\" data-element_type=\"widget\" data-settings=\"{&quot;_animation&quot;:&quot;fadeInUp&quot;}\" data-widget_type=\"text-editor.default\">\n\t\t\t\t<div class=\"elementor-widget-container\">\n\t\t\t<style>\/*! elementor - v3.23.0 - 05-08-2024 *\/\n.elementor-widget-text-editor.elementor-drop-cap-view-stacked .elementor-drop-cap{background-color:#69727d;color:#fff}.elementor-widget-text-editor.elementor-drop-cap-view-framed .elementor-drop-cap{color:#69727d;border:3px solid;background-color:transparent}.elementor-widget-text-editor:not(.elementor-drop-cap-view-default) .elementor-drop-cap{margin-top:8px}.elementor-widget-text-editor:not(.elementor-drop-cap-view-default) .elementor-drop-cap-letter{width:1em;height:1em}.elementor-widget-text-editor .elementor-drop-cap{float:left;text-align:center;line-height:1;font-size:50px}.elementor-widget-text-editor .elementor-drop-cap-letter{display:inline-block}<\/style>\t\t\t\t<p>Esta <strong>cocina americana moderna<\/strong> con <strong>encimera Fenix NTM<\/strong> y equipamiento completo Balay es ideal para aquellos que buscan una combinaci\u00f3n de dise\u00f1o elegante y funcionalidad avanzada en su hogar. Su puerta corredera en color azul gris\u00e1ceo funciona como elemento divisorio que regula los espacios seg\u00fan las necesidades del momento. Una <strong>cocina de lujo<\/strong> dise\u00f1ada con los mejores materiales del sector, la m\u00e1s avanzada tecnolog\u00eda y el toque moderno de la <strong>colecci\u00f3n RAY<\/strong>. \u00a1Una apuesta segura en cocinas de dise\u00f1o!<\/p>\t\t\t\t\t\t<\/div>\n\t\t\t\t<\/div>\n\t\t\t\t\t<\/div>\n\t\t\t\t<\/div>\n\t\t<div class=\"elementor-element elementor-element-6e607add e-flex e-con-boxed e-con e-parent\" data-id=\"6e607add\" data-element_type=\"container\" data-settings=\"{&quot;background_background&quot;:&quot;classic&quot;}\">\n\t\t\t\t\t<div class=\"e-con-inner\">\n\t\t\t\t\t<\/div>\n\t\t\t\t<\/div>\n\t\t<div class=\"elementor-element elementor-element-68052982 e-flex e-con-boxed e-con e-parent\" data-id=\"68052982\" data-element_type=\"container\" data-settings=\"{&quot;background_background&quot;:&quot;classic&quot;}\">\n\t\t\t\t\t<div class=\"e-con-inner\">\n\t\t\t\t\t<\/div>\n\t\t\t\t<\/div>\n\t\t<div class=\"elementor-element elementor-element-2c929935 elementor-hidden-tablet elementor-hidden-mobile e-flex e-con-boxed e-con e-parent\" data-id=\"2c929935\" data-element_type=\"container\">\n\t\t\t\t\t<div class=\"e-con-inner\">\n\t\t<div class=\"elementor-element elementor-element-406e7d23 e-con-full e-flex e-con e-child\" data-id=\"406e7d23\" data-element_type=\"container\" data-settings=\"{&quot;background_background&quot;:&quot;slideshow&quot;,&quot;background_slideshow_gallery&quot;:[{&quot;id&quot;:1777,&quot;url&quot;:&quot;https:\\\/\\\/cocinasrio.isauramedia.com\\\/wp-content\\\/uploads\\\/2024\\\/10\\\/cocina-americana-espacios-pequenos.jpg&quot;}],&quot;background_slideshow_loop&quot;:&quot;yes&quot;,&quot;background_slideshow_slide_duration&quot;:5000,&quot;background_slideshow_slide_transition&quot;:&quot;fade&quot;,&quot;background_slideshow_transition_duration&quot;:500}\">\n\t\t\t\t<\/div>\n\t\t<div class=\"elementor-element elementor-element-96f080f e-con-full e-flex e-con e-child\" data-id=\"96f080f\" data-element_type=\"container\" data-settings=\"{&quot;background_background&quot;:&quot;slideshow&quot;,&quot;background_slideshow_gallery&quot;:[{&quot;id&quot;:1772,&quot;url&quot;:&quot;https:\\\/\\\/cocinasrio.isauramedia.com\\\/wp-content\\\/uploads\\\/2024\\\/10\\\/cocina-americana-cocinas-rio-madrid.jpg&quot;}],&quot;background_slideshow_loop&quot;:&quot;yes&quot;,&quot;background_slideshow_slide_duration&quot;:5000,&quot;background_slideshow_slide_transition&quot;:&quot;fade&quot;,&quot;background_slideshow_transition_duration&quot;:500}\">\n\t\t\t\t<\/div>\n\t\t\t\t\t<\/div>\n\t\t\t\t<\/div>\n\t\t<div class=\"elementor-element elementor-element-2db8d7ae elementor-hidden-desktop e-flex e-con-boxed e-con e-parent\" data-id=\"2db8d7ae\" data-element_type=\"container\">\n\t\t\t\t\t<div class=\"e-con-inner\">\n\t\t<div class=\"elementor-element elementor-element-4d1b5ebd e-con-full e-flex e-con e-child\" data-id=\"4d1b5ebd\" data-element_type=\"container\" data-settings=\"{&quot;background_background&quot;:&quot;slideshow&quot;,&quot;background_slideshow_gallery&quot;:[{&quot;id&quot;:1777,&quot;url&quot;:&quot;https:\\\/\\\/cocinasrio.isauramedia.com\\\/wp-content\\\/uploads\\\/2024\\\/10\\\/cocina-americana-espacios-pequenos.jpg&quot;}],&quot;background_slideshow_loop&quot;:&quot;yes&quot;,&quot;background_slideshow_slide_duration&quot;:5000,&quot;background_slideshow_slide_transition&quot;:&quot;fade&quot;,&quot;background_slideshow_transition_duration&quot;:500}\">\n\t\t\t\t<\/div>\n\t\t<div class=\"elementor-element elementor-element-6ec93596 e-con-full e-flex e-con e-child\" data-id=\"6ec93596\" data-element_type=\"container\" data-settings=\"{&quot;background_background&quot;:&quot;slideshow&quot;,&quot;background_slideshow_gallery&quot;:[{&quot;id&quot;:1772,&quot;url&quot;:&quot;https:\\\/\\\/cocinasrio.isauramedia.com\\\/wp-content\\\/uploads\\\/2024\\\/10\\\/cocina-americana-cocinas-rio-madrid.jpg&quot;}],&quot;background_slideshow_loop&quot;:&quot;yes&quot;,&quot;background_slideshow_slide_duration&quot;:5000,&quot;background_slideshow_slide_transition&quot;:&quot;fade&quot;,&quot;background_slideshow_transition_duration&quot;:500}\">\n\t\t\t\t<\/div>\n\t\t\t\t\t<\/div>\n\t\t\t\t<\/div>\n\t\t<div class=\"elementor-element elementor-element-24867ac7 e-flex e-con-boxed e-con e-parent\" data-id=\"24867ac7\" data-element_type=\"container\" data-settings=\"{&quot;background_background&quot;:&quot;classic&quot;}\">\n\t\t\t\t\t<div class=\"e-con-inner\">\n\t\t\t\t\t<\/div>\n\t\t\t\t<\/div>\n\t\t<div class=\"elementor-element elementor-element-ccc6146 e-flex e-con-boxed e-con e-parent\" data-id=\"ccc6146\" data-element_type=\"container\" data-settings=\"{&quot;background_background&quot;:&quot;classic&quot;}\">\n\t\t\t\t\t<div class=\"e-con-inner\">\n\t\t\t\t\t<\/div>\n\t\t\t\t<\/div>\n\t\t<div class=\"elementor-element elementor-element-5c6ae41 e-flex e-con-boxed e-con e-parent\" data-id=\"5c6ae41\" data-element_type=\"container\" data-settings=\"{&quot;background_background&quot;:&quot;classic&quot;}\">\n\t\t\t\t\t<div class=\"e-con-inner\">\n\t\t\t\t\t<\/div>\n\t\t\t\t<\/div>\n\t\t<div class=\"elementor-element elementor-element-0233f14 e-flex e-con-boxed e-con e-parent\" data-id=\"0233f14\" data-element_type=\"container\" data-settings=\"{&quot;background_background&quot;:&quot;classic&quot;}\">\n\t\t\t\t\t<div class=\"e-con-inner\">\n\t\t\t\t\t<\/div>\n\t\t\t\t<\/div>\n\t\t<div class=\"elementor-element elementor-element-eb74254 e-flex e-con-boxed e-con e-parent\" data-id=\"eb74254\" data-element_type=\"container\" data-settings=\"{&quot;background_background&quot;:&quot;classic&quot;}\">\n\t\t\t\t\t<div class=\"e-con-inner\">\n\t\t\t\t\t<\/div>\n\t\t\t\t<\/div>\n\t\t<div class=\"elementor-element elementor-element-78013dc e-flex e-con-boxed e-con e-parent\" data-id=\"78013dc\" data-element_type=\"container\" data-settings=\"{&quot;background_background&quot;:&quot;classic&quot;}\">\n\t\t\t\t\t<div class=\"e-con-inner\">\n\t\t\t\t\t<\/div>\n\t\t\t\t<\/div>\n\t\t<div class=\"elementor-element elementor-element-fa06be9 e-flex e-con-boxed e-con e-parent\" data-id=\"fa06be9\" data-element_type=\"container\" data-settings=\"{&quot;background_background&quot;:&quot;classic&quot;}\">\n\t\t\t\t\t<div class=\"e-con-inner\">\n\t\t\t\t\t<\/div>\n\t\t\t\t<\/div>\n\t\t<div class=\"elementor-element elementor-element-cfc4adf e-flex e-con-boxed e-con e-parent\" data-id=\"cfc4adf\" data-element_type=\"container\" data-settings=\"{&quot;background_background&quot;:&quot;classic&quot;}\">\n\t\t\t\t\t<div class=\"e-con-inner\">\n\t\t\t\t\t<\/div>\n\t\t\t\t<\/div>\n\t\t<div class=\"elementor-element elementor-element-345e755 e-flex e-con-boxed e-con e-parent\" data-id=\"345e755\" data-element_type=\"container\" data-settings=\"{&quot;background_background&quot;:&quot;classic&quot;}\">\n\t\t\t\t\t<div class=\"e-con-inner\">\n\t\t\t\t\t<\/div>\n\t\t\t\t<\/div>\n\t\t<div class=\"elementor-element elementor-element-0dd1ef3 e-flex e-con-boxed e-con e-parent\" data-id=\"0dd1ef3\" data-element_type=\"container\" data-settings=\"{&quot;background_background&quot;:&quot;classic&quot;}\">\n\t\t\t\t\t<div class=\"e-con-inner\">\n\t\t\t\t\t<\/div>\n\t\t\t\t<\/div>\n\t\t<div class=\"elementor-element elementor-element-fc80646 e-flex e-con-boxed e-con e-parent\" data-id=\"fc80646\" data-element_type=\"container\" data-settings=\"{&quot;background_background&quot;:&quot;classic&quot;}\">\n\t\t\t\t\t<div class=\"e-con-inner\">\n\t\t\t\t\t<\/div>\n\t\t\t\t<\/div>\n\t\t<div class=\"elementor-element elementor-element-90b4a27 e-flex e-con-boxed e-con e-parent\" data-id=\"90b4a27\" data-element_type=\"container\" data-settings=\"{&quot;background_background&quot;:&quot;classic&quot;}\">\n\t\t\t\t\t<div class=\"e-con-inner\">\n\t\t\t\t\t<\/div>\n\t\t\t\t<\/div>\n\t\t<div class=\"elementor-element elementor-element-5d27d3e5 e-con-full e-flex e-con e-parent\" data-id=\"5d27d3e5\" data-element_type=\"container\" data-settings=\"{&quot;background_background&quot;:&quot;gradient&quot;}\">\n\t\t<div class=\"elementor-element elementor-element-56113da2 e-con-full e-flex e-con e-child\" data-id=\"56113da2\" data-element_type=\"container\">\n\t\t\t\t<div class=\"elementor-element elementor-element-1f8799cf animated-slow elementor-invisible elementor-widget elementor-widget-heading\" data-id=\"1f8799cf\" data-element_type=\"widget\" data-settings=\"{&quot;_animation&quot;:&quot;fadeIn&quot;,&quot;_animation_delay&quot;:100}\" data-widget_type=\"heading.default\">\n\t\t\t\t<div class=\"elementor-widget-container\">\n\t\t\t<h2 class=\"elementor-heading-title elementor-size-default\">Reserva tu cita previa<\/h2>\t\t<\/div>\n\t\t\t\t<\/div>\n\t\t\t\t<\/div>\n\t\t<div class=\"elementor-element elementor-element-6eae7273 e-con-full e-flex e-con e-child\" data-id=\"6eae7273\" data-element_type=\"container\">\n\t\t\t\t<div class=\"elementor-element elementor-element-5110de05 elementor-align-right elementor-widget elementor-widget-button\" data-id=\"5110de05\" data-element_type=\"widget\" data-widget_type=\"button.default\">\n\t\t\t\t<div class=\"elementor-widget-container\">\n\t\t\t\t\t<div class=\"elementor-button-wrapper\">\n\t\t\t<a class=\"elementor-button elementor-button-link elementor-size-md\" href=\"https:\/\/book.timify.com\/services?accountId=65eee810be788c3da8a70766&#038;fullscreen=1&#038;hideCloseButton=1&#038;showGuestBookingForm=1&#038;locale=es-es\">\n\t\t\t\t\t\t<span class=\"elementor-button-content-wrapper\">\n\t\t\t\t\t\t\t\t\t<span class=\"elementor-button-text\">Showroom Getafe<\/span>\n\t\t\t\t\t<\/span>\n\t\t\t\t\t<\/a>\n\t\t<\/div>\n\t\t\t\t<\/div>\n\t\t\t\t<\/div>\n\t\t\t\t<\/div>\n\t\t<div class=\"elementor-element elementor-element-1599cb61 e-con-full e-flex e-con e-child\" data-id=\"1599cb61\" data-element_type=\"container\">\n\t\t\t\t<div class=\"elementor-element elementor-element-2d1b2eff elementor-align-right elementor-widget elementor-widget-button\" data-id=\"2d1b2eff\" data-element_type=\"widget\" data-widget_type=\"button.default\">\n\t\t\t\t<div class=\"elementor-widget-container\">\n\t\t\t\t\t<div class=\"elementor-button-wrapper\">\n\t\t\t<a class=\"elementor-button elementor-button-link elementor-size-md\" href=\"https:\/\/book.timify.com\/?accountId=660faa17eee6514dadeeabbf&#038;fullscreen=1&#038;hideCloseButton=1&#038;showGuestBookingForm=1&#038;locale=es-es\">\n\t\t\t\t\t\t<span class=\"elementor-button-content-wrapper\">\n\t\t\t\t\t\t\t\t\t<span class=\"elementor-button-text\">Showroom Madrid<\/span>\n\t\t\t\t\t<\/span>\n\t\t\t\t\t<\/a>\n\t\t<\/div>\n\t\t\t\t<\/div>\n\t\t\t\t<\/div>\n\t\t\t\t<\/div>\n\t\t\t\t<\/div>\n\t\t\t\t<\/div>\n\t\t","protected":false},"excerpt":{"rendered":"<p>Fenix NTM Esta cocina americana moderna con encimera Fenix NTM y equipamiento completo Balay es ideal para aquellos que buscan una combinaci\u00f3n de dise\u00f1o elegante y funcionalidad avanzada en su hogar. Su puerta corredera en color azul gris\u00e1ceo funciona como elemento divisorio que regula los espacios seg\u00fan las necesidades del momento. Una cocina de lujo [&hellip;]<\/p>\n","protected":false},"author":1,"featured_media":1778,"parent":0,"menu_order":0,"comment_status":"closed","ping_status":"closed","template":"","meta":{"footnotes":""},"categories":[19],"class_list":["post-1788","page","type-page","status-publish","has-post-thumbnail","hentry","category-proyectos-cocinas"],"yoast_head":"<!-- This site is optimized with the Yoast SEO plugin v23.3 - https:\/\/yoast.com\/wordpress\/plugins\/seo\/ -->\n<title>Fenix NTM - Cocinas R\u00edo<\/title>\n<meta name=\"description\" content=\"Cocina FENIX\" \/>\n<meta name=\"robots\" content=\"index, follow, max-snippet:-1, max-image-preview:large, max-video-preview:-1\" \/>\n<link rel=\"canonical\" href=\"https:\/\/cocinasrio.isauramedia.com\/index.php\/cocina-fenix-ntm-2\/\" \/>\n<meta property=\"og:locale\" content=\"es_ES\" \/>\n<meta property=\"og:type\" content=\"article\" \/>\n<meta property=\"og:title\" content=\"Fenix NTM - Cocinas R\u00edo\" \/>\n<meta property=\"og:description\" content=\"Cocina FENIX\" \/>\n<meta property=\"og:url\" content=\"https:\/\/cocinasrio.isauramedia.com\/index.php\/cocina-fenix-ntm-2\/\" \/>\n<meta property=\"og:site_name\" content=\"Cocinas R\u00edo\" \/>\n<meta property=\"article:modified_time\" content=\"2024-10-01T08:14:24+00:00\" \/>\n<meta property=\"og:image\" content=\"https:\/\/cocinasrio.isauramedia.com\/wp-content\/uploads\/2024\/10\/cocina-americana-estudio-cocinas.jpg\" \/>\n\t<meta property=\"og:image:width\" content=\"2000\" \/>\n\t<meta property=\"og:image:height\" content=\"1333\" \/>\n\t<meta property=\"og:image:type\" content=\"image\/jpeg\" \/>\n<meta name=\"twitter:card\" content=\"summary_large_image\" \/>\n<meta name=\"twitter:label1\" content=\"Tiempo de lectura\" \/>\n\t<meta name=\"twitter:data1\" content=\"1 minuto\" \/>\n<script type=\"application\/ld+json\" class=\"yoast-schema-graph\">{\"@context\":\"https:\/\/schema.org\",\"@graph\":[{\"@type\":\"WebPage\",\"@id\":\"https:\/\/cocinasrio.isauramedia.com\/index.php\/cocina-fenix-ntm-2\/\",\"url\":\"https:\/\/cocinasrio.isauramedia.com\/index.php\/cocina-fenix-ntm-2\/\",\"name\":\"Fenix NTM - Cocinas R\u00edo\",\"isPartOf\":{\"@id\":\"https:\/\/cocinasrio.isauramedia.com\/#website\"},\"primaryImageOfPage\":{\"@id\":\"https:\/\/cocinasrio.isauramedia.com\/index.php\/cocina-fenix-ntm-2\/#primaryimage\"},\"image\":{\"@id\":\"https:\/\/cocinasrio.isauramedia.com\/index.php\/cocina-fenix-ntm-2\/#primaryimage\"},\"thumbnailUrl\":\"https:\/\/cocinasrio.isauramedia.com\/wp-content\/uploads\/2024\/10\/cocina-americana-estudio-cocinas.jpg\",\"datePublished\":\"2024-10-01T07:55:19+00:00\",\"dateModified\":\"2024-10-01T08:14:24+00:00\",\"description\":\"Cocina FENIX\",\"breadcrumb\":{\"@id\":\"https:\/\/cocinasrio.isauramedia.com\/index.php\/cocina-fenix-ntm-2\/#breadcrumb\"},\"inLanguage\":\"es\",\"potentialAction\":[{\"@type\":\"ReadAction\",\"target\":[\"https:\/\/cocinasrio.isauramedia.com\/index.php\/cocina-fenix-ntm-2\/\"]}]},{\"@type\":\"ImageObject\",\"inLanguage\":\"es\",\"@id\":\"https:\/\/cocinasrio.isauramedia.com\/index.php\/cocina-fenix-ntm-2\/#primaryimage\",\"url\":\"https:\/\/cocinasrio.isauramedia.com\/wp-content\/uploads\/2024\/10\/cocina-americana-estudio-cocinas.jpg\",\"contentUrl\":\"https:\/\/cocinasrio.isauramedia.com\/wp-content\/uploads\/2024\/10\/cocina-americana-estudio-cocinas.jpg\",\"width\":2000,\"height\":1333},{\"@type\":\"BreadcrumbList\",\"@id\":\"https:\/\/cocinasrio.isauramedia.com\/index.php\/cocina-fenix-ntm-2\/#breadcrumb\",\"itemListElement\":[{\"@type\":\"ListItem\",\"position\":1,\"name\":\"Portada\",\"item\":\"https:\/\/cocinasrio.isauramedia.com\/\"},{\"@type\":\"ListItem\",\"position\":2,\"name\":\"Fenix NTM\"}]},{\"@type\":\"WebSite\",\"@id\":\"https:\/\/cocinasrio.isauramedia.com\/#website\",\"url\":\"https:\/\/cocinasrio.isauramedia.com\/\",\"name\":\"Cocinas R\u00edo\",\"description\":\"\",\"publisher\":{\"@id\":\"https:\/\/cocinasrio.isauramedia.com\/#organization\"},\"potentialAction\":[{\"@type\":\"SearchAction\",\"target\":{\"@type\":\"EntryPoint\",\"urlTemplate\":\"https:\/\/cocinasrio.isauramedia.com\/?s={search_term_string}\"},\"query-input\":\"required name=search_term_string\"}],\"inLanguage\":\"es\"},{\"@type\":\"Organization\",\"@id\":\"https:\/\/cocinasrio.isauramedia.com\/#organization\",\"name\":\"Cocinas R\u00edo\",\"url\":\"https:\/\/cocinasrio.isauramedia.com\/\",\"logo\":{\"@type\":\"ImageObject\",\"inLanguage\":\"es\",\"@id\":\"https:\/\/cocinasrio.isauramedia.com\/#\/schema\/logo\/image\/\",\"url\":\"https:\/\/cocinasrio.isauramedia.com\/wp-content\/uploads\/2024\/08\/logo-cocinas-rio-blanco.png\",\"contentUrl\":\"https:\/\/cocinasrio.isauramedia.com\/wp-content\/uploads\/2024\/08\/logo-cocinas-rio-blanco.png\",\"width\":933,\"height\":488,\"caption\":\"Cocinas R\u00edo\"},\"image\":{\"@id\":\"https:\/\/cocinasrio.isauramedia.com\/#\/schema\/logo\/image\/\"}}]}<\/script>\n<!-- \/ Yoast SEO plugin. -->","yoast_head_json":{"title":"Fenix NTM - Cocinas R\u00edo","description":"Cocina FENIX","robots":{"index":"index","follow":"follow","max-snippet":"max-snippet:-1","max-image-preview":"max-image-preview:large","max-video-preview":"max-video-preview:-1"},"canonical":"https:\/\/cocinasrio.isauramedia.com\/index.php\/cocina-fenix-ntm-2\/","og_locale":"es_ES","og_type":"article","og_title":"Fenix NTM - Cocinas R\u00edo","og_description":"Cocina FENIX","og_url":"https:\/\/cocinasrio.isauramedia.com\/index.php\/cocina-fenix-ntm-2\/","og_site_name":"Cocinas R\u00edo","article_modified_time":"2024-10-01T08:14:24+00:00","og_image":[{"width":2000,"height":1333,"url":"https:\/\/cocinasrio.isauramedia.com\/wp-content\/uploads\/2024\/10\/cocina-americana-estudio-cocinas.jpg","type":"image\/jpeg"}],"twitter_card":"summary_large_image","twitter_misc":{"Tiempo de lectura":"1 minuto"},"schema":{"@context":"https:\/\/schema.org","@graph":[{"@type":"WebPage","@id":"https:\/\/cocinasrio.isauramedia.com\/index.php\/cocina-fenix-ntm-2\/","url":"https:\/\/cocinasrio.isauramedia.com\/index.php\/cocina-fenix-ntm-2\/","name":"Fenix NTM - Cocinas R\u00edo","isPartOf":{"@id":"https:\/\/cocinasrio.isauramedia.com\/#website"},"primaryImageOfPage":{"@id":"https:\/\/cocinasrio.isauramedia.com\/index.php\/cocina-fenix-ntm-2\/#primaryimage"},"image":{"@id":"https:\/\/cocinasrio.isauramedia.com\/index.php\/cocina-fenix-ntm-2\/#primaryimage"},"thumbnailUrl":"https:\/\/cocinasrio.isauramedia.com\/wp-content\/uploads\/2024\/10\/cocina-americana-estudio-cocinas.jpg","datePublished":"2024-10-01T07:55:19+00:00","dateModified":"2024-10-01T08:14:24+00:00","description":"Cocina FENIX","breadcrumb":{"@id":"https:\/\/cocinasrio.isauramedia.com\/index.php\/cocina-fenix-ntm-2\/#breadcrumb"},"inLanguage":"es","potentialAction":[{"@type":"ReadAction","target":["https:\/\/cocinasrio.isauramedia.com\/index.php\/cocina-fenix-ntm-2\/"]}]},{"@type":"ImageObject","inLanguage":"es","@id":"https:\/\/cocinasrio.isauramedia.com\/index.php\/cocina-fenix-ntm-2\/#primaryimage","url":"https:\/\/cocinasrio.isauramedia.com\/wp-content\/uploads\/2024\/10\/cocina-americana-estudio-cocinas.jpg","contentUrl":"https:\/\/cocinasrio.isauramedia.com\/wp-content\/uploads\/2024\/10\/cocina-americana-estudio-cocinas.jpg","width":2000,"height":1333},{"@type":"BreadcrumbList","@id":"https:\/\/cocinasrio.isauramedia.com\/index.php\/cocina-fenix-ntm-2\/#breadcrumb","itemListElement":[{"@type":"ListItem","position":1,"name":"Portada","item":"https:\/\/cocinasrio.isauramedia.com\/"},{"@type":"ListItem","position":2,"name":"Fenix NTM"}]},{"@type":"WebSite","@id":"https:\/\/cocinasrio.isauramedia.com\/#website","url":"https:\/\/cocinasrio.isauramedia.com\/","name":"Cocinas R\u00edo","description":"","publisher":{"@id":"https:\/\/cocinasrio.isauramedia.com\/#organization"},"potentialAction":[{"@type":"SearchAction","target":{"@type":"EntryPoint","urlTemplate":"https:\/\/cocinasrio.isauramedia.com\/?s={search_term_string}"},"query-input":"required name=search_term_string"}],"inLanguage":"es"},{"@type":"Organization","@id":"https:\/\/cocinasrio.isauramedia.com\/#organization","name":"Cocinas R\u00edo","url":"https:\/\/cocinasrio.isauramedia.com\/","logo":{"@type":"ImageObject","inLanguage":"es","@id":"https:\/\/cocinasrio.isauramedia.com\/#\/schema\/logo\/image\/","url":"https:\/\/cocinasrio.isauramedia.com\/wp-content\/uploads\/2024\/08\/logo-cocinas-rio-blanco.png","contentUrl":"https:\/\/cocinasrio.isauramedia.com\/wp-content\/uploads\/2024\/08\/logo-cocinas-rio-blanco.png","width":933,"height":488,"caption":"Cocinas R\u00edo"},"image":{"@id":"https:\/\/cocinasrio.isauramedia.com\/#\/schema\/logo\/image\/"}}]}},"_links":{"self":[{"href":"https:\/\/cocinasrio.isauramedia.com\/index.php\/wp-json\/wp\/v2\/pages\/1788","targetHints":{"allow":["GET"]}}],"collection":[{"href":"https:\/\/cocinasrio.isauramedia.com\/index.php\/wp-json\/wp\/v2\/pages"}],"about":[{"href":"https:\/\/cocinasrio.isauramedia.com\/index.php\/wp-json\/wp\/v2\/types\/page"}],"author":[{"embeddable":true,"href":"https:\/\/cocinasrio.isauramedia.com\/index.php\/wp-json\/wp\/v2\/users\/1"}],"replies":[{"embeddable":true,"href":"https:\/\/cocinasrio.isauramedia.com\/index.php\/wp-json\/wp\/v2\/comments?post=1788"}],"version-history":[{"count":22,"href":"https:\/\/cocinasrio.isauramedia.com\/index.php\/wp-json\/wp\/v2\/pages\/1788\/revisions"}],"predecessor-version":[{"id":1810,"href":"https:\/\/cocinasrio.isauramedia.com\/index.php\/wp-json\/wp\/v2\/pages\/1788\/revisions\/1810"}],"wp:featuredmedia":[{"embeddable":true,"href":"https:\/\/cocinasrio.isauramedia.com\/index.php\/wp-json\/wp\/v2\/media\/1778"}],"wp:attachment":[{"href":"https:\/\/cocinasrio.isauramedia.com\/index.php\/wp-json\/wp\/v2\/media?parent=1788"}],"wp:term":[{"taxonomy":"category","embeddable":true,"href":"https:\/\/cocinasrio.isauramedia.com\/index.php\/wp-json\/wp\/v2\/categories?post=1788"}],"curies":[{"name":"wp","href":"https:\/\/api.w.org\/{rel}","templated":true}]}}