{"id":778,"date":"2024-08-30T09:05:00","date_gmt":"2024-08-30T09:05:00","guid":{"rendered":"https:\/\/cocinasrio.isauramedia.com\/?page_id=778"},"modified":"2024-10-15T07:53:36","modified_gmt":"2024-10-15T07:53:36","slug":"reserva-tu-cita","status":"publish","type":"page","link":"https:\/\/cocinasrio.isauramedia.com\/index.php\/reserva-tu-cita\/","title":{"rendered":"Reserva tu cita previa"},"content":{"rendered":"\t\t<div data-elementor-type=\"wp-page\" data-elementor-id=\"778\" class=\"elementor elementor-778\" data-elementor-post-type=\"page\">\n\t\t\t\t<div class=\"elementor-element elementor-element-91dd376 e-flex e-con-boxed e-con e-parent\" data-id=\"91dd376\" data-element_type=\"container\">\n\t\t\t\t\t<div class=\"e-con-inner\">\n\t\t\t\t<div class=\"elementor-element elementor-element-f47752f elementor-widget elementor-widget-heading\" data-id=\"f47752f\" data-element_type=\"widget\" data-widget_type=\"heading.default\">\n\t\t\t\t<div class=\"elementor-widget-container\">\n\t\t\t<style>\/*! elementor - v3.23.0 - 05-08-2024 *\/\n.elementor-heading-title{padding:0;margin:0;line-height:1}.elementor-widget-heading .elementor-heading-title[class*=elementor-size-]>a{color:inherit;font-size:inherit;line-height:inherit}.elementor-widget-heading .elementor-heading-title.elementor-size-small{font-size:15px}.elementor-widget-heading .elementor-heading-title.elementor-size-medium{font-size:19px}.elementor-widget-heading .elementor-heading-title.elementor-size-large{font-size:29px}.elementor-widget-heading .elementor-heading-title.elementor-size-xl{font-size:39px}.elementor-widget-heading .elementor-heading-title.elementor-size-xxl{font-size:59px}<\/style><h2 class=\"elementor-heading-title elementor-size-default\">Reserva tu cita previa<\/h2>\t\t<\/div>\n\t\t\t\t<\/div>\n\t\t\t\t\t<\/div>\n\t\t\t\t<\/div>\n\t\t<div class=\"elementor-element elementor-element-31429c4 e-con-full e-flex e-con e-parent\" data-id=\"31429c4\" data-element_type=\"container\" data-settings=\"{&quot;background_background&quot;:&quot;classic&quot;}\">\n\t\t<a class=\"eael-wrapper-link-a2ef811 --eael-wrapper-link-tag\" href=\"https:\/\/form.jotform.com\/242614939000047\"><\/a><div data-eael-wrapper-link=\"eael-wrapper-link-a2ef811\" class=\"elementor-element elementor-element-a2ef811 e-con-full e-flex e-con e-child\" data-id=\"a2ef811\" data-element_type=\"container\" data-settings=\"{&quot;background_background&quot;:&quot;slideshow&quot;,&quot;background_slideshow_gallery&quot;:[{&quot;id&quot;:1886,&quot;url&quot;:&quot;https:\\\/\\\/cocinasrio.isauramedia.com\\\/wp-content\\\/uploads\\\/2024\\\/10\\\/Fondo-Showroom-Getafe-1.png&quot;}],&quot;background_slideshow_loop&quot;:&quot;yes&quot;,&quot;background_slideshow_slide_duration&quot;:5000,&quot;background_slideshow_slide_transition&quot;:&quot;fade&quot;,&quot;background_slideshow_transition_duration&quot;:500}\">\n\t\t\t\t<div class=\"elementor-element elementor-element-557d253 animated-slow elementor-invisible elementor-widget elementor-widget-heading\" data-id=\"557d253\" data-element_type=\"widget\" data-settings=\"{&quot;_animation&quot;:&quot;fadeIn&quot;,&quot;_animation_delay&quot;:100}\" data-widget_type=\"heading.default\">\n\t\t\t\t<div class=\"elementor-widget-container\">\n\t\t\t<h2 class=\"elementor-heading-title elementor-size-default\">Showroom Getafe<\/h2>\t\t<\/div>\n\t\t\t\t<\/div>\n\t\t\t\t<\/div>\n\t\t<a class=\"eael-wrapper-link-f2b5e33 --eael-wrapper-link-tag\" href=\"https:\/\/form.jotform.com\/242682445010348\"><\/a><div data-eael-wrapper-link=\"eael-wrapper-link-f2b5e33\" class=\"elementor-element elementor-element-f2b5e33 e-con-full e-flex e-con e-child\" data-id=\"f2b5e33\" data-element_type=\"container\" data-settings=\"{&quot;background_background&quot;:&quot;slideshow&quot;,&quot;background_slideshow_gallery&quot;:[{&quot;id&quot;:799,&quot;url&quot;:&quot;https:\\\/\\\/cocinasrio.isauramedia.com\\\/wp-content\\\/uploads\\\/2024\\\/08\\\/showroom-madrid.jpg&quot;}],&quot;background_slideshow_loop&quot;:&quot;yes&quot;,&quot;background_slideshow_slide_duration&quot;:5000,&quot;background_slideshow_slide_transition&quot;:&quot;fade&quot;,&quot;background_slideshow_transition_duration&quot;:500}\">\n\t\t\t\t<div class=\"elementor-element elementor-element-23acb8f animated-slow elementor-invisible elementor-widget elementor-widget-heading\" data-id=\"23acb8f\" data-element_type=\"widget\" data-settings=\"{&quot;_animation&quot;:&quot;fadeIn&quot;,&quot;_animation_delay&quot;:100}\" data-widget_type=\"heading.default\">\n\t\t\t\t<div class=\"elementor-widget-container\">\n\t\t\t<h2 class=\"elementor-heading-title elementor-size-default\"><a href=\"https:\/\/form.jotform.com\/242682445010348\">Showroom Madrid<\/a><\/h2>\t\t<\/div>\n\t\t\t\t<\/div>\n\t\t\t\t<\/div>\n\t\t\t\t<\/div>\n\t\t<div class=\"elementor-element elementor-element-39a5c2f e-flex e-con-boxed e-con e-parent\" data-id=\"39a5c2f\" data-element_type=\"container\" data-settings=\"{&quot;background_background&quot;:&quot;classic&quot;}\">\n\t\t\t\t\t<div class=\"e-con-inner\">\n\t\t\t\t<div class=\"elementor-element elementor-element-a96dee8 elementor-widget elementor-widget-text-editor\" data-id=\"a96dee8\" data-element_type=\"widget\" data-widget_type=\"text-editor.default\">\n\t\t\t\t<div class=\"elementor-widget-container\">\n\t\t\t<style>\/*! elementor - v3.23.0 - 05-08-2024 *\/\n.elementor-widget-text-editor.elementor-drop-cap-view-stacked .elementor-drop-cap{background-color:#69727d;color:#fff}.elementor-widget-text-editor.elementor-drop-cap-view-framed .elementor-drop-cap{color:#69727d;border:3px solid;background-color:transparent}.elementor-widget-text-editor:not(.elementor-drop-cap-view-default) .elementor-drop-cap{margin-top:8px}.elementor-widget-text-editor:not(.elementor-drop-cap-view-default) .elementor-drop-cap-letter{width:1em;height:1em}.elementor-widget-text-editor .elementor-drop-cap{float:left;text-align:center;line-height:1;font-size:50px}.elementor-widget-text-editor .elementor-drop-cap-letter{display:inline-block}<\/style>\t\t\t\t<p>Reserva tu<strong> cita previa en Cocinas R\u00edo<\/strong> y ven a visitarnos. En nuestros espacios te esperan <strong>dise\u00f1os innovadores y modernos<\/strong> que despertar\u00e1n tu inter\u00e9s por la renovaci\u00f3n de cocinas. Descubrir\u00e1s <strong>nuevas tendencias y estilos<\/strong> en dise\u00f1o de cocinas, que te inspirar\u00e1n en la b\u00fasqueda de la cocina de tus sue\u00f1os. En Cocinas R\u00edo, cada visita es una oportunidad para descubrir qu\u00e9 estilo de reforma de cocina es la que m\u00e1s se adapta a ti. <strong>\u00a1Reserva ahora tu cita y no pierdas esta oportunidad!<\/strong><\/p>\t\t\t\t\t\t<\/div>\n\t\t\t\t<\/div>\n\t\t\t\t\t<\/div>\n\t\t\t\t<\/div>\n\t\t<div class=\"elementor-element elementor-element-7fd28c0 e-flex e-con-boxed e-con e-parent\" data-id=\"7fd28c0\" data-element_type=\"container\">\n\t\t\t\t\t<div class=\"e-con-inner\">\n\t\t<div class=\"elementor-element elementor-element-728b4fe e-con-full e-flex e-con e-child\" data-id=\"728b4fe\" data-element_type=\"container\">\n\t\t\t\t<div class=\"elementor-element elementor-element-4a4480f elementor-widget__width-initial elementor-widget elementor-widget-shortcode\" data-id=\"4a4480f\" data-element_type=\"widget\" data-widget_type=\"shortcode.default\">\n\t\t\t\t<div class=\"elementor-widget-container\">\n\t\t\t\t\t<div class=\"elementor-shortcode\"><div id=\"wpsl-base-gmap_0\" class=\"wpsl-gmap-canvas\"><\/div>\r\n<style>#wpsl-base-gmap_0 {height:600px;}<\/style>\r\n\n<\/div>\n\t\t\t\t<\/div>\n\t\t\t\t<\/div>\n\t\t\t\t<\/div>\n\t\t<div class=\"elementor-element elementor-element-47f2149 e-con-full e-flex e-con e-child\" data-id=\"47f2149\" data-element_type=\"container\">\n\t\t\t\t<div class=\"elementor-element elementor-element-15c9016 elementor-widget elementor-widget-heading\" data-id=\"15c9016\" data-element_type=\"widget\" data-widget_type=\"heading.default\">\n\t\t\t\t<div class=\"elementor-widget-container\">\n\t\t\t<h2 class=\"elementor-heading-title elementor-size-default\">Encu\u00e9ntranos<\/h2>\t\t<\/div>\n\t\t\t\t<\/div>\n\t\t\t\t<div class=\"elementor-element elementor-element-0d05569 elementor-widget elementor-widget-text-editor\" data-id=\"0d05569\" data-element_type=\"widget\" data-widget_type=\"text-editor.default\">\n\t\t\t\t<div class=\"elementor-widget-container\">\n\t\t\t\t\t\t\t<p>Lorem ipsum dolor sit amet, consectetur adipiscing elit. Vivamus volutpat leo eu diam suscipit placerat ac eu lorem. In maximus ligula quis est tempor, ut placerat augue egestas.<\/p>\t\t\t\t\t\t<\/div>\n\t\t\t\t<\/div>\n\t\t<div class=\"elementor-element elementor-element-53c34df e-con-full e-flex e-con e-child\" data-id=\"53c34df\" data-element_type=\"container\" data-settings=\"{&quot;background_background&quot;:&quot;classic&quot;}\">\n\t\t\t\t<div class=\"elementor-element elementor-element-4b87d41 elementor-widget elementor-widget-shortcode\" data-id=\"4b87d41\" data-element_type=\"widget\" data-widget_type=\"shortcode.default\">\n\t\t\t\t<div class=\"elementor-widget-container\">\n\t\t\t\t\t<div class=\"elementor-shortcode\"><div class=\"wpsl-locations-details\"><span><strong>Cocinas R\u00edo Getafe<\/strong><\/span><div class=\"wpsl-location-address\"><span>C. del Alcalde Angel Arroyo, 4, 28904 Getafe, Madrid<\/span><br\/><\/div><div class=\"wpsl-contact-details\"><\/div><\/div><\/div>\n\t\t\t\t<\/div>\n\t\t\t\t<\/div>\n\t\t\t\t<div class=\"elementor-element elementor-element-0a81a90 elementor-widget elementor-widget-button\" data-id=\"0a81a90\" data-element_type=\"widget\" data-widget_type=\"button.default\">\n\t\t\t\t<div class=\"elementor-widget-container\">\n\t\t\t\t\t<div class=\"elementor-button-wrapper\">\n\t\t\t<a class=\"elementor-button elementor-button-link elementor-size-sm\" href=\"#\">\n\t\t\t\t\t\t<span class=\"elementor-button-content-wrapper\">\n\t\t\t\t\t\t\t\t\t<span class=\"elementor-button-text\">Obtener direcci\u00f3n<\/span>\n\t\t\t\t\t<\/span>\n\t\t\t\t\t<\/a>\n\t\t<\/div>\n\t\t\t\t<\/div>\n\t\t\t\t<\/div>\n\t\t\t\t<\/div>\n\t\t<div class=\"elementor-element elementor-element-8f2bb3f e-con-full e-flex e-con e-child\" data-id=\"8f2bb3f\" data-element_type=\"container\" data-settings=\"{&quot;background_background&quot;:&quot;classic&quot;}\">\n\t\t\t\t<div class=\"elementor-element elementor-element-bec3989 elementor-widget elementor-widget-shortcode\" data-id=\"bec3989\" data-element_type=\"widget\" data-widget_type=\"shortcode.default\">\n\t\t\t\t<div class=\"elementor-widget-container\">\n\t\t\t\t\t<div class=\"elementor-shortcode\"><div class=\"wpsl-locations-details\"><span><strong>Cocinas R\u00edo Madrid<\/strong><\/span><div class=\"wpsl-location-address\"><span>C. de Alberto Aguilera, 28, Chamber\u00ed, 28015 Madrid<\/span><br\/><\/div><div class=\"wpsl-contact-details\"><\/div><\/div><\/div>\n\t\t\t\t<\/div>\n\t\t\t\t<\/div>\n\t\t\t\t<div class=\"elementor-element elementor-element-f3d7d88 elementor-widget elementor-widget-button\" data-id=\"f3d7d88\" data-element_type=\"widget\" data-widget_type=\"button.default\">\n\t\t\t\t<div class=\"elementor-widget-container\">\n\t\t\t\t\t<div class=\"elementor-button-wrapper\">\n\t\t\t<a class=\"elementor-button elementor-button-link elementor-size-sm\" href=\"#\">\n\t\t\t\t\t\t<span class=\"elementor-button-content-wrapper\">\n\t\t\t\t\t\t\t\t\t<span class=\"elementor-button-text\">Obtener direcci\u00f3n<\/span>\n\t\t\t\t\t<\/span>\n\t\t\t\t\t<\/a>\n\t\t<\/div>\n\t\t\t\t<\/div>\n\t\t\t\t<\/div>\n\t\t\t\t<\/div>\n\t\t\t\t<\/div>\n\t\t\t\t\t<\/div>\n\t\t\t\t<\/div>\n\t\t\t\t<\/div>\n\t\t","protected":false},"excerpt":{"rendered":"<p>Reserva tu cita previa Showroom Getafe Showroom Madrid Reserva tu cita previa en Cocinas R\u00edo y ven a visitarnos. En nuestros espacios te esperan dise\u00f1os innovadores y modernos que despertar\u00e1n tu inter\u00e9s por la renovaci\u00f3n de cocinas. Descubrir\u00e1s nuevas tendencias y estilos en dise\u00f1o de cocinas, que te inspirar\u00e1n en la b\u00fasqueda de la cocina [&hellip;]<\/p>\n","protected":false},"author":1,"featured_media":0,"parent":0,"menu_order":0,"comment_status":"closed","ping_status":"closed","template":"","meta":{"footnotes":""},"categories":[],"class_list":["post-778","page","type-page","status-publish","hentry"],"yoast_head":"<!-- This site is optimized with the Yoast SEO plugin v23.3 - https:\/\/yoast.com\/wordpress\/plugins\/seo\/ -->\n<title>Reserva tu cita previa - Cocinas R\u00edo<\/title>\n<meta name=\"robots\" content=\"index, follow, max-snippet:-1, max-image-preview:large, max-video-preview:-1\" \/>\n<link rel=\"canonical\" href=\"https:\/\/cocinasrio.isauramedia.com\/index.php\/reserva-tu-cita\/\" \/>\n<meta property=\"og:locale\" content=\"es_ES\" \/>\n<meta property=\"og:type\" content=\"article\" \/>\n<meta property=\"og:title\" content=\"Reserva tu cita previa - Cocinas R\u00edo\" \/>\n<meta property=\"og:description\" content=\"Reserva tu cita previa Showroom Getafe Showroom Madrid Reserva tu cita previa en Cocinas R\u00edo y ven a visitarnos. En nuestros espacios te esperan dise\u00f1os innovadores y modernos que despertar\u00e1n tu inter\u00e9s por la renovaci\u00f3n de cocinas. Descubrir\u00e1s nuevas tendencias y estilos en dise\u00f1o de cocinas, que te inspirar\u00e1n en la b\u00fasqueda de la cocina [&hellip;]\" \/>\n<meta property=\"og:url\" content=\"https:\/\/cocinasrio.isauramedia.com\/index.php\/reserva-tu-cita\/\" \/>\n<meta property=\"og:site_name\" content=\"Cocinas R\u00edo\" \/>\n<meta property=\"article:modified_time\" content=\"2024-10-15T07:53:36+00:00\" \/>\n<meta name=\"twitter:card\" content=\"summary_large_image\" \/>\n<meta name=\"twitter:label1\" content=\"Tiempo de lectura\" \/>\n\t<meta name=\"twitter:data1\" content=\"1 minuto\" \/>\n<script type=\"application\/ld+json\" class=\"yoast-schema-graph\">{\"@context\":\"https:\/\/schema.org\",\"@graph\":[{\"@type\":\"WebPage\",\"@id\":\"https:\/\/cocinasrio.isauramedia.com\/index.php\/reserva-tu-cita\/\",\"url\":\"https:\/\/cocinasrio.isauramedia.com\/index.php\/reserva-tu-cita\/\",\"name\":\"Reserva tu cita previa - Cocinas R\u00edo\",\"isPartOf\":{\"@id\":\"https:\/\/cocinasrio.isauramedia.com\/#website\"},\"datePublished\":\"2024-08-30T09:05:00+00:00\",\"dateModified\":\"2024-10-15T07:53:36+00:00\",\"breadcrumb\":{\"@id\":\"https:\/\/cocinasrio.isauramedia.com\/index.php\/reserva-tu-cita\/#breadcrumb\"},\"inLanguage\":\"es\",\"potentialAction\":[{\"@type\":\"ReadAction\",\"target\":[\"https:\/\/cocinasrio.isauramedia.com\/index.php\/reserva-tu-cita\/\"]}]},{\"@type\":\"BreadcrumbList\",\"@id\":\"https:\/\/cocinasrio.isauramedia.com\/index.php\/reserva-tu-cita\/#breadcrumb\",\"itemListElement\":[{\"@type\":\"ListItem\",\"position\":1,\"name\":\"Portada\",\"item\":\"https:\/\/cocinasrio.isauramedia.com\/\"},{\"@type\":\"ListItem\",\"position\":2,\"name\":\"Reserva tu cita previa\"}]},{\"@type\":\"WebSite\",\"@id\":\"https:\/\/cocinasrio.isauramedia.com\/#website\",\"url\":\"https:\/\/cocinasrio.isauramedia.com\/\",\"name\":\"Cocinas R\u00edo\",\"description\":\"\",\"publisher\":{\"@id\":\"https:\/\/cocinasrio.isauramedia.com\/#organization\"},\"potentialAction\":[{\"@type\":\"SearchAction\",\"target\":{\"@type\":\"EntryPoint\",\"urlTemplate\":\"https:\/\/cocinasrio.isauramedia.com\/?s={search_term_string}\"},\"query-input\":\"required name=search_term_string\"}],\"inLanguage\":\"es\"},{\"@type\":\"Organization\",\"@id\":\"https:\/\/cocinasrio.isauramedia.com\/#organization\",\"name\":\"Cocinas R\u00edo\",\"url\":\"https:\/\/cocinasrio.isauramedia.com\/\",\"logo\":{\"@type\":\"ImageObject\",\"inLanguage\":\"es\",\"@id\":\"https:\/\/cocinasrio.isauramedia.com\/#\/schema\/logo\/image\/\",\"url\":\"https:\/\/cocinasrio.isauramedia.com\/wp-content\/uploads\/2024\/08\/logo-cocinas-rio-blanco.png\",\"contentUrl\":\"https:\/\/cocinasrio.isauramedia.com\/wp-content\/uploads\/2024\/08\/logo-cocinas-rio-blanco.png\",\"width\":933,\"height\":488,\"caption\":\"Cocinas R\u00edo\"},\"image\":{\"@id\":\"https:\/\/cocinasrio.isauramedia.com\/#\/schema\/logo\/image\/\"}}]}<\/script>\n<!-- \/ Yoast SEO plugin. -->","yoast_head_json":{"title":"Reserva tu cita previa - Cocinas R\u00edo","robots":{"index":"index","follow":"follow","max-snippet":"max-snippet:-1","max-image-preview":"max-image-preview:large","max-video-preview":"max-video-preview:-1"},"canonical":"https:\/\/cocinasrio.isauramedia.com\/index.php\/reserva-tu-cita\/","og_locale":"es_ES","og_type":"article","og_title":"Reserva tu cita previa - Cocinas R\u00edo","og_description":"Reserva tu cita previa Showroom Getafe Showroom Madrid Reserva tu cita previa en Cocinas R\u00edo y ven a visitarnos. En nuestros espacios te esperan dise\u00f1os innovadores y modernos que despertar\u00e1n tu inter\u00e9s por la renovaci\u00f3n de cocinas. Descubrir\u00e1s nuevas tendencias y estilos en dise\u00f1o de cocinas, que te inspirar\u00e1n en la b\u00fasqueda de la cocina [&hellip;]","og_url":"https:\/\/cocinasrio.isauramedia.com\/index.php\/reserva-tu-cita\/","og_site_name":"Cocinas R\u00edo","article_modified_time":"2024-10-15T07:53:36+00:00","twitter_card":"summary_large_image","twitter_misc":{"Tiempo de lectura":"1 minuto"},"schema":{"@context":"https:\/\/schema.org","@graph":[{"@type":"WebPage","@id":"https:\/\/cocinasrio.isauramedia.com\/index.php\/reserva-tu-cita\/","url":"https:\/\/cocinasrio.isauramedia.com\/index.php\/reserva-tu-cita\/","name":"Reserva tu cita previa - Cocinas R\u00edo","isPartOf":{"@id":"https:\/\/cocinasrio.isauramedia.com\/#website"},"datePublished":"2024-08-30T09:05:00+00:00","dateModified":"2024-10-15T07:53:36+00:00","breadcrumb":{"@id":"https:\/\/cocinasrio.isauramedia.com\/index.php\/reserva-tu-cita\/#breadcrumb"},"inLanguage":"es","potentialAction":[{"@type":"ReadAction","target":["https:\/\/cocinasrio.isauramedia.com\/index.php\/reserva-tu-cita\/"]}]},{"@type":"BreadcrumbList","@id":"https:\/\/cocinasrio.isauramedia.com\/index.php\/reserva-tu-cita\/#breadcrumb","itemListElement":[{"@type":"ListItem","position":1,"name":"Portada","item":"https:\/\/cocinasrio.isauramedia.com\/"},{"@type":"ListItem","position":2,"name":"Reserva tu cita previa"}]},{"@type":"WebSite","@id":"https:\/\/cocinasrio.isauramedia.com\/#website","url":"https:\/\/cocinasrio.isauramedia.com\/","name":"Cocinas R\u00edo","description":"","publisher":{"@id":"https:\/\/cocinasrio.isauramedia.com\/#organization"},"potentialAction":[{"@type":"SearchAction","target":{"@type":"EntryPoint","urlTemplate":"https:\/\/cocinasrio.isauramedia.com\/?s={search_term_string}"},"query-input":"required name=search_term_string"}],"inLanguage":"es"},{"@type":"Organization","@id":"https:\/\/cocinasrio.isauramedia.com\/#organization","name":"Cocinas R\u00edo","url":"https:\/\/cocinasrio.isauramedia.com\/","logo":{"@type":"ImageObject","inLanguage":"es","@id":"https:\/\/cocinasrio.isauramedia.com\/#\/schema\/logo\/image\/","url":"https:\/\/cocinasrio.isauramedia.com\/wp-content\/uploads\/2024\/08\/logo-cocinas-rio-blanco.png","contentUrl":"https:\/\/cocinasrio.isauramedia.com\/wp-content\/uploads\/2024\/08\/logo-cocinas-rio-blanco.png","width":933,"height":488,"caption":"Cocinas R\u00edo"},"image":{"@id":"https:\/\/cocinasrio.isauramedia.com\/#\/schema\/logo\/image\/"}}]}},"_links":{"self":[{"href":"https:\/\/cocinasrio.isauramedia.com\/index.php\/wp-json\/wp\/v2\/pages\/778","targetHints":{"allow":["GET"]}}],"collection":[{"href":"https:\/\/cocinasrio.isauramedia.com\/index.php\/wp-json\/wp\/v2\/pages"}],"about":[{"href":"https:\/\/cocinasrio.isauramedia.com\/index.php\/wp-json\/wp\/v2\/types\/page"}],"author":[{"embeddable":true,"href":"https:\/\/cocinasrio.isauramedia.com\/index.php\/wp-json\/wp\/v2\/users\/1"}],"replies":[{"embeddable":true,"href":"https:\/\/cocinasrio.isauramedia.com\/index.php\/wp-json\/wp\/v2\/comments?post=778"}],"version-history":[{"count":93,"href":"https:\/\/cocinasrio.isauramedia.com\/index.php\/wp-json\/wp\/v2\/pages\/778\/revisions"}],"predecessor-version":[{"id":2407,"href":"https:\/\/cocinasrio.isauramedia.com\/index.php\/wp-json\/wp\/v2\/pages\/778\/revisions\/2407"}],"wp:attachment":[{"href":"https:\/\/cocinasrio.isauramedia.com\/index.php\/wp-json\/wp\/v2\/media?parent=778"}],"wp:term":[{"taxonomy":"category","embeddable":true,"href":"https:\/\/cocinasrio.isauramedia.com\/index.php\/wp-json\/wp\/v2\/categories?post=778"}],"curies":[{"name":"wp","href":"https:\/\/api.w.org\/{rel}","templated":true}]}}